{"id":11,"date":"2025-07-07T08:59:51","date_gmt":"2025-07-07T08:59:51","guid":{"rendered":"https:\/\/www.onecca.cm\/?page_id=11"},"modified":"2025-08-25T14:59:31","modified_gmt":"2025-08-25T14:59:31","slug":"a-propos-de-lordre","status":"publish","type":"page","link":"https:\/\/www.onecca.cm\/index.php\/lonecca\/a-propos-de-lordre\/","title":{"rendered":"A PROPOS DE L&rsquo;ORDRE"},"content":{"rendered":"<div class=\"fusion-fullwidth fullwidth-box fusion-builder-row-1 fusion-flex-container has-pattern-background has-mask-background nonhundred-percent-fullwidth non-hundred-percent-height-scrolling\" style=\"--awb-border-radius-top-left:0px;--awb-border-radius-top-right:0px;--awb-border-radius-bottom-right:0px;--awb-border-radius-bottom-left:0px;--awb-flex-wrap:wrap;\" ><div class=\"fusion-builder-row fusion-row fusion-flex-align-items-flex-start fusion-flex-content-wrap\" style=\"max-width:1300px;margin-left: calc(-4% \/ 2 );margin-right: calc(-4% \/ 2 );\"><div class=\"fusion-layout-column fusion_builder_column fusion-builder-column-0 fusion_builder_column_1_1 1_1 fusion-flex-column\" style=\"--awb-bg-size:cover;--awb-width-large:100%;--awb-margin-top-large:0px;--awb-spacing-right-large:1.92%;--awb-margin-bottom-large:20px;--awb-spacing-left-large:1.92%;--awb-width-medium:100%;--awb-order-medium:0;--awb-spacing-right-medium:1.92%;--awb-spacing-left-medium:1.92%;--awb-width-small:100%;--awb-order-small:0;--awb-spacing-right-small:1.92%;--awb-spacing-left-small:1.92%;\"><div class=\"fusion-column-wrapper fusion-column-has-shadow fusion-flex-justify-content-flex-start fusion-content-layout-column\"><div class=\"fusion-text fusion-text-1\"><p>L\u2019Ordre National des Experts-Comptables et Comptables Agr\u00e9\u00e9s (ONECCA) est l\u2019institution officielle qui r\u00e9glemente et encadre la profession comptable au Cameroun. Cr\u00e9\u00e9 par la loi, il veille \u00e0 la qualit\u00e9, \u00e0 l\u2019\u00e9thique et \u00e0 la transparence des services rendus par les professionnels de la comptabilit\u00e9.<\/p>\n<p>L\u2019ONECCA regroupe les Experts-Comptables et Comptables Agr\u00e9\u00e9s habilit\u00e9s \u00e0 exercer dans le pays. \u00c0 travers ses missions de r\u00e9gulation, de formation et de contr\u00f4le, l\u2019Ordre contribue \u00e0 renforcer la confiance entre les entreprises, l\u2019\u00c9tat, les investisseurs et le public.<\/p>\n<\/div><\/div><\/div><\/div><\/div>\n","protected":false},"excerpt":{"rendered":"","protected":false},"author":1,"featured_media":0,"parent":8,"menu_order":0,"comment_status":"closed","ping_status":"closed","template":"100-width.php","meta":{"footnotes":""},"class_list":["post-11","page","type-page","status-publish","hentry"],"acf":[],"_links":{"self":[{"href":"https:\/\/www.onecca.cm\/index.php\/wp-json\/wp\/v2\/pages\/11","targetHints":{"allow":["GET"]}}],"collection":[{"href":"https:\/\/www.onecca.cm\/index.php\/wp-json\/wp\/v2\/pages"}],"about":[{"href":"https:\/\/www.onecca.cm\/index.php\/wp-json\/wp\/v2\/types\/page"}],"author":[{"embeddable":true,"href":"https:\/\/www.onecca.cm\/index.php\/wp-json\/wp\/v2\/users\/1"}],"replies":[{"embeddable":true,"href":"https:\/\/www.onecca.cm\/index.php\/wp-json\/wp\/v2\/comments?post=11"}],"version-history":[{"count":2,"href":"https:\/\/www.onecca.cm\/index.php\/wp-json\/wp\/v2\/pages\/11\/revisions"}],"predecessor-version":[{"id":412,"href":"https:\/\/www.onecca.cm\/index.php\/wp-json\/wp\/v2\/pages\/11\/revisions\/412"}],"up":[{"embeddable":true,"href":"https:\/\/www.onecca.cm\/index.php\/wp-json\/wp\/v2\/pages\/8"}],"wp:attachment":[{"href":"https:\/\/www.onecca.cm\/index.php\/wp-json\/wp\/v2\/media?parent=11"}],"curies":[{"name":"wp","href":"https:\/\/api.w.org\/{rel}","templated":true}]}}