{"id":15,"date":"2025-07-07T09:01:52","date_gmt":"2025-07-07T09:01:52","guid":{"rendered":"https:\/\/www.onecca.cm\/?page_id=15"},"modified":"2025-08-28T13:32:20","modified_gmt":"2025-08-28T13:32:20","slug":"organisation","status":"publish","type":"page","link":"https:\/\/www.onecca.cm\/index.php\/lonecca\/a-propos-de-lordre\/organisation\/","title":{"rendered":"Organisation"},"content":{"rendered":"<div class=\"fusion-fullwidth fullwidth-box fusion-builder-row-1 fusion-flex-container has-pattern-background has-mask-background nonhundred-percent-fullwidth non-hundred-percent-height-scrolling\" style=\"--awb-border-radius-top-left:0px;--awb-border-radius-top-right:0px;--awb-border-radius-bottom-right:0px;--awb-border-radius-bottom-left:0px;--awb-flex-wrap:wrap;\" ><div class=\"fusion-builder-row fusion-row fusion-flex-align-items-flex-start fusion-flex-content-wrap\" style=\"max-width:1300px;margin-left: calc(-4% \/ 2 );margin-right: calc(-4% \/ 2 );\"><div class=\"fusion-layout-column fusion_builder_column fusion-builder-column-0 fusion_builder_column_1_1 1_1 fusion-flex-column\" style=\"--awb-bg-size:cover;--awb-width-large:100%;--awb-margin-top-large:0px;--awb-spacing-right-large:1.92%;--awb-margin-bottom-large:20px;--awb-spacing-left-large:1.92%;--awb-width-medium:100%;--awb-order-medium:0;--awb-spacing-right-medium:1.92%;--awb-spacing-left-medium:1.92%;--awb-width-small:100%;--awb-order-small:0;--awb-spacing-right-small:1.92%;--awb-spacing-left-small:1.92%;\"><div class=\"fusion-column-wrapper fusion-column-has-shadow fusion-flex-justify-content-flex-start fusion-content-layout-column\"><div class=\"fusion-text fusion-text-1\"><p><b style=\"color: #021e79;\">Organisation de l\u2019ONECCA<\/b><\/p>\n<p>L\u2019Ordre National des Experts-Comptables du Cameroun (ONECCA) est une institution ind\u00e9pendante, r\u00e9gie par des textes l\u00e9gaux et dot\u00e9e d\u2019une personnalit\u00e9 juridique propre. Son organisation repose sur une structure hi\u00e9rarchique claire et fonctionnelle.<\/p>\n<p style=\"color: #021e79;\"><b>Un Conseil National \u00e9lu<\/b><\/p>\n<p>\u00c0 la t\u00eate de l\u2019Ordre se trouve un Conseil National, compos\u00e9 de membres \u00e9lus parmi les experts-comptables inscrits. Ce Conseil est charg\u00e9 de d\u00e9finir les orientations strat\u00e9giques et de superviser l\u2019ensemble des activit\u00e9s de l\u2019Ordre.<\/p>\n<p>\u2022 Il est pr\u00e9sid\u00e9 par un expert-comptable \u00e9lu.<\/p>\n<p>\u2022 Il est assist\u00e9 de vice-pr\u00e9sidents.<\/p>\n<p>\u2022 Il comprend plusieurs commissaires responsables de domaines techniques sp\u00e9cifiques (normes, \u00e9thique, formation, etc.).<\/p>\n<p style=\"color: #021e79;\"><b>Constitution du Bureau du Conseil<\/b><\/p>\n<\/div><\/div><\/div><div class=\"fusion-layout-column fusion_builder_column fusion-builder-column-1 fusion_builder_column_1_4 1_4 fusion-flex-column\" style=\"--awb-bg-size:cover;--awb-width-large:25%;--awb-margin-top-large:60px;--awb-spacing-right-large:28.032%;--awb-margin-bottom-large:1px px;--awb-spacing-left-large:7.68%;--awb-width-medium:25%;--awb-order-medium:0;--awb-spacing-right-medium:28.032%;--awb-spacing-left-medium:7.68%;--awb-width-small:100%;--awb-order-small:0;--awb-spacing-right-small:1.92%;--awb-spacing-left-small:1.92%;\"><div class=\"fusion-column-wrapper fusion-column-has-shadow fusion-flex-justify-content-flex-start fusion-content-layout-column\"><div class=\"fusion-image-element \" style=\"--awb-caption-title-font-family:var(--h2_typography-font-family);--awb-caption-title-font-weight:var(--h2_typography-font-weight);--awb-caption-title-font-style:var(--h2_typography-font-style);--awb-caption-title-size:var(--h2_typography-font-size);--awb-caption-title-transform:var(--h2_typography-text-transform);--awb-caption-title-line-height:var(--h2_typography-line-height);--awb-caption-title-letter-spacing:var(--h2_typography-letter-spacing);\"><span class=\" fusion-imageframe imageframe-none imageframe-1 hover-type-none\"><img decoding=\"async\" width=\"209\" height=\"300\" title=\"President\" src=\"https:\/\/www.onecca.cm\/wp-content\/uploads\/2025\/07\/president2-209x300.jpg\" alt class=\"img-responsive wp-image-357\" srcset=\"https:\/\/www.onecca.cm\/wp-content\/uploads\/2025\/07\/president2-200x286.jpg 200w, https:\/\/www.onecca.cm\/wp-content\/uploads\/2025\/07\/president2-400x573.jpg 400w, https:\/\/www.onecca.cm\/wp-content\/uploads\/2025\/07\/president2.jpg 599w\" sizes=\"(max-width: 640px) 100vw, 400px\" \/><\/span><\/div><\/div><\/div><div class=\"fusion-layout-column fusion_builder_column fusion-builder-column-2 fusion_builder_column_1_4 1_4 fusion-flex-column\" style=\"--awb-bg-size:cover;--awb-width-large:25%;--awb-margin-top-large:5px;--awb-spacing-right-large:7.68%;--awb-margin-bottom-large:20px;--awb-spacing-left-large:7.68%;--awb-width-medium:25%;--awb-order-medium:0;--awb-spacing-right-medium:7.68%;--awb-spacing-left-medium:7.68%;--awb-width-small:100%;--awb-order-small:0;--awb-spacing-right-small:1.92%;--awb-spacing-left-small:1.92%;\"><div class=\"fusion-column-wrapper fusion-column-has-shadow fusion-flex-justify-content-flex-start fusion-content-layout-column\"><div class=\"fusion-image-element \" style=\"--awb-caption-title-font-family:var(--h2_typography-font-family);--awb-caption-title-font-weight:var(--h2_typography-font-weight);--awb-caption-title-font-style:var(--h2_typography-font-style);--awb-caption-title-size:var(--h2_typography-font-size);--awb-caption-title-transform:var(--h2_typography-text-transform);--awb-caption-title-line-height:var(--h2_typography-line-height);--awb-caption-title-letter-spacing:var(--h2_typography-letter-spacing);\"><span class=\" fusion-imageframe imageframe-none imageframe-2 hover-type-none\"><img decoding=\"async\" width=\"192\" height=\"300\" title=\"V.P 1\" src=\"https:\/\/www.onecca.cm\/wp-content\/uploads\/2025\/07\/richard-192x300.png\" alt class=\"img-responsive wp-image-365\" srcset=\"https:\/\/www.onecca.cm\/wp-content\/uploads\/2025\/07\/richard-200x313.png 200w, https:\/\/www.onecca.cm\/wp-content\/uploads\/2025\/07\/richard.png 264w\" sizes=\"(max-width: 640px) 100vw, 192px\" \/><\/span><\/div><\/div><\/div><div class=\"fusion-layout-column fusion_builder_column fusion-builder-column-3 fusion_builder_column_1_4 1_4 fusion-flex-column\" style=\"--awb-bg-size:cover;--awb-width-large:25%;--awb-margin-top-large:0px;--awb-spacing-right-large:7.68%;--awb-margin-bottom-large:20px;--awb-spacing-left-large:7.68%;--awb-width-medium:25%;--awb-order-medium:0;--awb-spacing-right-medium:7.68%;--awb-spacing-left-medium:7.68%;--awb-width-small:100%;--awb-order-small:0;--awb-spacing-right-small:1.92%;--awb-spacing-left-small:1.92%;\"><div class=\"fusion-column-wrapper fusion-column-has-shadow fusion-flex-justify-content-flex-start fusion-content-layout-column\"><div class=\"fusion-image-element \" style=\"--awb-caption-title-font-family:var(--h2_typography-font-family);--awb-caption-title-font-weight:var(--h2_typography-font-weight);--awb-caption-title-font-style:var(--h2_typography-font-style);--awb-caption-title-size:var(--h2_typography-font-size);--awb-caption-title-transform:var(--h2_typography-text-transform);--awb-caption-title-line-height:var(--h2_typography-line-height);--awb-caption-title-letter-spacing:var(--h2_typography-letter-spacing);\"><span class=\" fusion-imageframe imageframe-none imageframe-3 hover-type-none\"><img decoding=\"async\" width=\"194\" height=\"300\" title=\"V.P 2\" src=\"https:\/\/www.onecca.cm\/wp-content\/uploads\/2025\/07\/tayou-194x300.png\" alt class=\"img-responsive wp-image-366\" srcset=\"https:\/\/www.onecca.cm\/wp-content\/uploads\/2025\/07\/tayou-200x309.png 200w, https:\/\/www.onecca.cm\/wp-content\/uploads\/2025\/07\/tayou.png 267w\" sizes=\"(max-width: 640px) 100vw, 194px\" \/><\/span><\/div><\/div><\/div><div class=\"fusion-layout-column fusion_builder_column fusion-builder-column-4 fusion_builder_column_1_4 1_4 fusion-flex-column\" style=\"--awb-bg-size:cover;--awb-width-large:25%;--awb-margin-top-large:0px;--awb-spacing-right-large:7.68%;--awb-margin-bottom-large:20px;--awb-spacing-left-large:7.68%;--awb-width-medium:25%;--awb-order-medium:0;--awb-spacing-right-medium:7.68%;--awb-spacing-left-medium:7.68%;--awb-width-small:100%;--awb-order-small:0;--awb-spacing-right-small:1.92%;--awb-spacing-left-small:1.92%;\"><div class=\"fusion-column-wrapper fusion-column-has-shadow fusion-flex-justify-content-flex-start fusion-content-layout-column\"><div class=\"fusion-image-element \" style=\"--awb-caption-title-font-family:var(--h2_typography-font-family);--awb-caption-title-font-weight:var(--h2_typography-font-weight);--awb-caption-title-font-style:var(--h2_typography-font-style);--awb-caption-title-size:var(--h2_typography-font-size);--awb-caption-title-transform:var(--h2_typography-text-transform);--awb-caption-title-line-height:var(--h2_typography-line-height);--awb-caption-title-letter-spacing:var(--h2_typography-letter-spacing);\"><span class=\" fusion-imageframe imageframe-none imageframe-4 hover-type-none\"><img decoding=\"async\" width=\"208\" height=\"300\" title=\"V.P 3\" src=\"https:\/\/www.onecca.cm\/wp-content\/uploads\/2025\/07\/mich-208x300.png\" alt class=\"img-responsive wp-image-367\" srcset=\"https:\/\/www.onecca.cm\/wp-content\/uploads\/2025\/07\/mich-200x289.png 200w, https:\/\/www.onecca.cm\/wp-content\/uploads\/2025\/07\/mich.png 286w\" sizes=\"(max-width: 640px) 100vw, 208px\" \/><\/span><\/div><\/div><\/div><div class=\"fusion-layout-column fusion_builder_column fusion-builder-column-5 fusion_builder_column_1_5 1_5 fusion-flex-column\" style=\"--awb-padding-right:1.1px;--awb-bg-size:cover;--awb-width-large:20%;--awb-margin-top-large:-1px;--awb-spacing-right-large:9.6%;--awb-margin-bottom-large:20px;--awb-spacing-left-large:9.6%;--awb-width-medium:20%;--awb-order-medium:0;--awb-spacing-right-medium:9.6%;--awb-spacing-left-medium:9.6%;--awb-width-small:100%;--awb-order-small:0;--awb-spacing-right-small:1.92%;--awb-spacing-left-small:1.92%;\"><div class=\"fusion-column-wrapper fusion-column-has-shadow fusion-flex-justify-content-flex-start fusion-content-layout-column\"><div class=\"fusion-image-element \" style=\"--awb-caption-title-font-family:var(--h2_typography-font-family);--awb-caption-title-font-weight:var(--h2_typography-font-weight);--awb-caption-title-font-style:var(--h2_typography-font-style);--awb-caption-title-size:var(--h2_typography-font-size);--awb-caption-title-transform:var(--h2_typography-text-transform);--awb-caption-title-line-height:var(--h2_typography-line-height);--awb-caption-title-letter-spacing:var(--h2_typography-letter-spacing);\"><span class=\" fusion-imageframe imageframe-none imageframe-5 hover-type-none\"><img decoding=\"async\" width=\"288\" height=\"300\" title=\"president\" src=\"https:\/\/www.onecca.cm\/wp-content\/uploads\/2025\/08\/president-288x300.jpg\" alt class=\"img-responsive wp-image-396\" srcset=\"https:\/\/www.onecca.cm\/wp-content\/uploads\/2025\/08\/president-200x208.jpg 200w, https:\/\/www.onecca.cm\/wp-content\/uploads\/2025\/08\/president-400x417.jpg 400w, https:\/\/www.onecca.cm\/wp-content\/uploads\/2025\/08\/president.jpg 599w\" sizes=\"(max-width: 640px) 100vw, 400px\" \/><\/span><\/div><\/div><\/div><div class=\"fusion-layout-column fusion_builder_column fusion-builder-column-6 fusion_builder_column_1_5 1_5 fusion-flex-column\" style=\"--awb-bg-size:cover;--awb-width-large:20%;--awb-margin-top-large:7px;--awb-spacing-right-large:9.6%;--awb-margin-bottom-large:20px;--awb-spacing-left-large:9.6%;--awb-width-medium:20%;--awb-order-medium:0;--awb-spacing-right-medium:9.6%;--awb-spacing-left-medium:9.6%;--awb-width-small:100%;--awb-order-small:0;--awb-spacing-right-small:1.92%;--awb-spacing-left-small:1.92%;\"><div class=\"fusion-column-wrapper fusion-column-has-shadow fusion-flex-justify-content-flex-start fusion-content-layout-column\"><div class=\"fusion-image-element \" style=\"--awb-caption-title-font-family:var(--h2_typography-font-family);--awb-caption-title-font-weight:var(--h2_typography-font-weight);--awb-caption-title-font-style:var(--h2_typography-font-style);--awb-caption-title-size:var(--h2_typography-font-size);--awb-caption-title-transform:var(--h2_typography-text-transform);--awb-caption-title-line-height:var(--h2_typography-line-height);--awb-caption-title-letter-spacing:var(--h2_typography-letter-spacing);\"><span class=\" fusion-imageframe imageframe-none imageframe-6 hover-type-none\"><img decoding=\"async\" width=\"247\" height=\"300\" title=\"S.G\" src=\"https:\/\/www.onecca.cm\/wp-content\/uploads\/2025\/08\/secretaire-247x300.png\" alt class=\"img-responsive wp-image-390\" srcset=\"https:\/\/www.onecca.cm\/wp-content\/uploads\/2025\/08\/secretaire-200x243.png 200w, https:\/\/www.onecca.cm\/wp-content\/uploads\/2025\/08\/secretaire.png 295w\" sizes=\"(max-width: 640px) 100vw, 247px\" \/><\/span><\/div><\/div><\/div><div class=\"fusion-layout-column fusion_builder_column fusion-builder-column-7 fusion_builder_column_1_5 1_5 fusion-flex-column\" style=\"--awb-bg-size:cover;--awb-width-large:20%;--awb-margin-top-large:10px;--awb-spacing-right-large:9.6%;--awb-margin-bottom-large:20px;--awb-spacing-left-large:9.6%;--awb-width-medium:20%;--awb-order-medium:0;--awb-spacing-right-medium:9.6%;--awb-spacing-left-medium:9.6%;--awb-width-small:100%;--awb-order-small:0;--awb-spacing-right-small:1.92%;--awb-spacing-left-small:1.92%;\"><div class=\"fusion-column-wrapper fusion-column-has-shadow fusion-flex-justify-content-flex-start fusion-content-layout-column\"><div class=\"fusion-image-element \" style=\"--awb-caption-title-font-family:var(--h2_typography-font-family);--awb-caption-title-font-weight:var(--h2_typography-font-weight);--awb-caption-title-font-style:var(--h2_typography-font-style);--awb-caption-title-size:var(--h2_typography-font-size);--awb-caption-title-transform:var(--h2_typography-text-transform);--awb-caption-title-line-height:var(--h2_typography-line-height);--awb-caption-title-letter-spacing:var(--h2_typography-letter-spacing);\"><span class=\" fusion-imageframe imageframe-none imageframe-7 hover-type-none\"><img decoding=\"async\" width=\"223\" height=\"300\" title=\"S.G.A\" src=\"https:\/\/www.onecca.cm\/wp-content\/uploads\/2025\/07\/WhatsApp-Image-2025-07-28-at-14.41.57-e1754990315483-223x300.jpeg\" alt class=\"img-responsive wp-image-372\" srcset=\"https:\/\/www.onecca.cm\/wp-content\/uploads\/2025\/07\/WhatsApp-Image-2025-07-28-at-14.41.57-e1754990315483-200x269.jpeg 200w, https:\/\/www.onecca.cm\/wp-content\/uploads\/2025\/07\/WhatsApp-Image-2025-07-28-at-14.41.57-e1754990315483.jpeg 305w\" sizes=\"(max-width: 640px) 100vw, 223px\" \/><\/span><\/div><\/div><\/div><div class=\"fusion-layout-column fusion_builder_column fusion-builder-column-8 fusion_builder_column_1_5 1_5 fusion-flex-column\" style=\"--awb-bg-size:cover;--awb-width-large:20%;--awb-margin-top-large:-10px;--awb-spacing-right-large:9.6%;--awb-margin-bottom-large:20px;--awb-spacing-left-large:9.6%;--awb-width-medium:20%;--awb-order-medium:0;--awb-spacing-right-medium:9.6%;--awb-spacing-left-medium:9.6%;--awb-width-small:100%;--awb-order-small:0;--awb-spacing-right-small:1.92%;--awb-spacing-left-small:1.92%;\"><div class=\"fusion-column-wrapper fusion-column-has-shadow fusion-flex-justify-content-flex-start fusion-content-layout-column\"><div class=\"fusion-image-element \" style=\"--awb-caption-title-font-family:var(--h2_typography-font-family);--awb-caption-title-font-weight:var(--h2_typography-font-weight);--awb-caption-title-font-style:var(--h2_typography-font-style);--awb-caption-title-size:var(--h2_typography-font-size);--awb-caption-title-transform:var(--h2_typography-text-transform);--awb-caption-title-line-height:var(--h2_typography-line-height);--awb-caption-title-letter-spacing:var(--h2_typography-letter-spacing);\"><span class=\" fusion-imageframe imageframe-none imageframe-8 hover-type-none\"><img decoding=\"async\" width=\"200\" height=\"300\" title=\"Tr\u00e9sorier\" src=\"https:\/\/www.onecca.cm\/wp-content\/uploads\/2025\/07\/WhatsApp-Image-2025-07-28-at-14.41.19-200x300.jpeg\" alt class=\"img-responsive wp-image-370\" srcset=\"https:\/\/www.onecca.cm\/wp-content\/uploads\/2025\/07\/WhatsApp-Image-2025-07-28-at-14.41.19-200x300.jpeg 200w, https:\/\/www.onecca.cm\/wp-content\/uploads\/2025\/07\/WhatsApp-Image-2025-07-28-at-14.41.19.jpeg 295w\" sizes=\"(max-width: 640px) 100vw, 200px\" \/><\/span><\/div><\/div><\/div><div class=\"fusion-layout-column fusion_builder_column fusion-builder-column-9 fusion_builder_column_1_5 1_5 fusion-flex-column\" style=\"--awb-bg-size:cover;--awb-width-large:20%;--awb-margin-top-large:-9px;--awb-spacing-right-large:9.6%;--awb-margin-bottom-large:20px;--awb-spacing-left-large:9.6%;--awb-width-medium:20%;--awb-order-medium:0;--awb-spacing-right-medium:9.6%;--awb-spacing-left-medium:9.6%;--awb-width-small:100%;--awb-order-small:0;--awb-spacing-right-small:1.92%;--awb-spacing-left-small:1.92%;\"><div class=\"fusion-column-wrapper fusion-column-has-shadow fusion-flex-justify-content-flex-start fusion-content-layout-column\"><div class=\"fusion-image-element \" style=\"--awb-caption-title-font-family:var(--h2_typography-font-family);--awb-caption-title-font-weight:var(--h2_typography-font-weight);--awb-caption-title-font-style:var(--h2_typography-font-style);--awb-caption-title-size:var(--h2_typography-font-size);--awb-caption-title-transform:var(--h2_typography-text-transform);--awb-caption-title-line-height:var(--h2_typography-line-height);--awb-caption-title-letter-spacing:var(--h2_typography-letter-spacing);\"><span class=\" fusion-imageframe imageframe-none imageframe-9 hover-type-none\"><img decoding=\"async\" width=\"199\" height=\"300\" title=\"T.A\" src=\"https:\/\/www.onecca.cm\/wp-content\/uploads\/2025\/07\/WhatsApp-Image-2025-07-28-at-14.42.24-199x300.jpeg\" alt class=\"img-responsive wp-image-371\" srcset=\"https:\/\/www.onecca.cm\/wp-content\/uploads\/2025\/07\/WhatsApp-Image-2025-07-28-at-14.42.24-200x302.jpeg 200w, https:\/\/www.onecca.cm\/wp-content\/uploads\/2025\/07\/WhatsApp-Image-2025-07-28-at-14.42.24.jpeg 299w\" sizes=\"(max-width: 640px) 100vw, 199px\" \/><\/span><\/div><\/div><\/div><div class=\"fusion-layout-column fusion_builder_column fusion-builder-column-10 fusion_builder_column_1_1 1_1 fusion-flex-column\" style=\"--awb-bg-size:cover;--awb-width-large:100%;--awb-margin-top-large:0px;--awb-spacing-right-large:1.92%;--awb-margin-bottom-large:20px;--awb-spacing-left-large:1.92%;--awb-width-medium:100%;--awb-order-medium:0;--awb-spacing-right-medium:1.92%;--awb-spacing-left-medium:1.92%;--awb-width-small:100%;--awb-order-small:0;--awb-spacing-right-small:1.92%;--awb-spacing-left-small:1.92%;\"><div class=\"fusion-column-wrapper fusion-column-has-shadow fusion-flex-justify-content-flex-start fusion-content-layout-column\"><div class=\"fusion-text fusion-text-2\"><p><span style=\"color: #021e79;\"><b style=\"font-size: 19px; line-height: 30.96px;\" data-fusion-font=\"true\">Le si\u00e8ge national<\/b><\/span><\/p>\n<p style=\"font-size: 19px; line-height: 30.96px;\" data-fusion-font=\"true\">Le si\u00e8ge principal de l\u2019ONECCA est situ\u00e9 \u00e0 Douala, dans la zone administrative de Bonanjo.<\/p>\n<p style=\"font-size: 19px; line-height: 30.96px;\" data-fusion-font=\"true\">Il comprend :<\/p>\n<ul>\n<li><span style=\"font-size: 19px; line-height: 30.96px;\" data-fusion-font=\"true\">des bureaux administratifs,<\/span><\/li>\n<li><span style=\"font-size: 19px; line-height: 30.96px;\" data-fusion-font=\"true\">des salles de r\u00e9union,<\/span><\/li>\n<li><span style=\"font-size: 19px; line-height: 30.96px;\" data-fusion-font=\"true\">des amphith\u00e9\u00e2tres,<\/span><\/li>\n<li><span style=\"font-size: 19px; line-height: 30.96px;\" data-fusion-font=\"true\">des espaces de formation professionnelle.<\/span><\/li>\n<\/ul>\n<p style=\"font-size: 19px; line-height: 30.96px;\" data-fusion-font=\"true\">Ce si\u00e8ge central constitue le c\u0153ur op\u00e9rationnel de l\u2019Ordre.<\/p>\n<p><strong style=\"color: #021e79; font-size: 19px; line-height: 30.96px;\" data-fusion-font=\"true\">Commissions sp\u00e9cialis\u00e9es et coordination technique<\/strong><\/p>\n<p style=\"font-size: 19px; line-height: 30.96px;\" data-fusion-font=\"true\">L\u2019ONECCA s\u2019appuie sur plusieurs commissions sp\u00e9cialis\u00e9es, charg\u00e9es d\u2019\u00e9tudier, d\u2019analyser et de proposer des actions dans des domaines cl\u00e9s (normes, d\u00e9ontologie, relations internationales, etc.).<\/p>\n<p style=\"font-size: 19px; line-height: 30.96px;\" data-fusion-font=\"true\">Ces commissions sont encadr\u00e9es par une coordination technique et logistique, qui assure la mise en \u0153uvre efficace des d\u00e9cisions et activit\u00e9s de l\u2019Ordre.<\/p>\n<p><span style=\"color: #021e79;\"><b style=\"font-size: 19px; line-height: 30.96px;\" data-fusion-font=\"true\">Un Institut de formation d\u00e9di\u00e9<\/b><\/span><\/p>\n<p style=\"font-size: 19px; line-height: 30.96px;\" data-fusion-font=\"true\">L\u2019Ordre dispose de son propre Institut de formation professionnelle, dont les missions sont :<\/p>\n<ul>\n<li><span style=\"font-size: 19px; line-height: 30.96px;\" data-fusion-font=\"true\">de renforcer les comp\u00e9tences des membres,<\/span><\/li>\n<li><span style=\"font-size: 19px; line-height: 30.96px;\" data-fusion-font=\"true\">de former les futurs experts-comptables,<\/span><\/li>\n<li><span style=\"font-size: 19px; line-height: 30.96px;\" data-fusion-font=\"true\">de garantir la mise \u00e0 jour continue des savoirs face \u00e0 l\u2019\u00e9volution des normes et pratiques.<\/span><\/li>\n<\/ul>\n<\/div><\/div><\/div><\/div><\/div>\n","protected":false},"excerpt":{"rendered":"","protected":false},"author":1,"featured_media":0,"parent":11,"menu_order":0,"comment_status":"closed","ping_status":"closed","template":"100-width.php","meta":{"footnotes":""},"class_list":["post-15","page","type-page","status-publish","hentry"],"acf":[],"_links":{"self":[{"href":"https:\/\/www.onecca.cm\/index.php\/wp-json\/wp\/v2\/pages\/15","targetHints":{"allow":["GET"]}}],"collection":[{"href":"https:\/\/www.onecca.cm\/index.php\/wp-json\/wp\/v2\/pages"}],"about":[{"href":"https:\/\/www.onecca.cm\/index.php\/wp-json\/wp\/v2\/types\/page"}],"author":[{"embeddable":true,"href":"https:\/\/www.onecca.cm\/index.php\/wp-json\/wp\/v2\/users\/1"}],"replies":[{"embeddable":true,"href":"https:\/\/www.onecca.cm\/index.php\/wp-json\/wp\/v2\/comments?post=15"}],"version-history":[{"count":13,"href":"https:\/\/www.onecca.cm\/index.php\/wp-json\/wp\/v2\/pages\/15\/revisions"}],"predecessor-version":[{"id":438,"href":"https:\/\/www.onecca.cm\/index.php\/wp-json\/wp\/v2\/pages\/15\/revisions\/438"}],"up":[{"embeddable":true,"href":"https:\/\/www.onecca.cm\/index.php\/wp-json\/wp\/v2\/pages\/11"}],"wp:attachment":[{"href":"https:\/\/www.onecca.cm\/index.php\/wp-json\/wp\/v2\/media?parent=15"}],"curies":[{"name":"wp","href":"https:\/\/api.w.org\/{rel}","templated":true}]}}