{"id":21,"date":"2025-07-07T09:02:51","date_gmt":"2025-07-07T09:02:51","guid":{"rendered":"https:\/\/www.onecca.cm\/?page_id=21"},"modified":"2025-08-20T13:17:35","modified_gmt":"2025-08-20T13:17:35","slug":"partenariats","status":"publish","type":"page","link":"https:\/\/www.onecca.cm\/index.php\/lonecca\/a-propos-de-lordre\/partenariats\/","title":{"rendered":"Partenariats"},"content":{"rendered":"<p><div class=\"fusion-fullwidth fullwidth-box fusion-builder-row-1 fusion-flex-container has-pattern-background has-mask-background nonhundred-percent-fullwidth non-hundred-percent-height-scrolling\" style=\"--awb-border-radius-top-left:0px;--awb-border-radius-top-right:0px;--awb-border-radius-bottom-right:0px;--awb-border-radius-bottom-left:0px;--awb-flex-wrap:wrap;\" ><div class=\"fusion-builder-row fusion-row fusion-flex-align-items-flex-start fusion-flex-content-wrap\" style=\"max-width:1300px;margin-left: calc(-4% \/ 2 );margin-right: calc(-4% \/ 2 );\"><div class=\"fusion-layout-column fusion_builder_column fusion-builder-column-0 fusion_builder_column_1_1 1_1 fusion-flex-column\" style=\"--awb-bg-size:cover;--awb-width-large:100%;--awb-margin-top-large:0px;--awb-spacing-right-large:1.92%;--awb-margin-bottom-large:20px;--awb-spacing-left-large:1.92%;--awb-width-medium:100%;--awb-order-medium:0;--awb-spacing-right-medium:1.92%;--awb-spacing-left-medium:1.92%;--awb-width-small:100%;--awb-order-small:0;--awb-spacing-right-small:1.92%;--awb-spacing-left-small:1.92%;\"><div class=\"fusion-column-wrapper fusion-column-has-shadow fusion-flex-justify-content-flex-start fusion-content-layout-column\"><div class=\"fusion-text fusion-text-1\"><h4>Partenariats strat\u00e9giques de l\u2019ONECCA<\/h4>\n<p>En parall\u00e8le de ses affiliations officielles, l\u2019ONECCA d\u00e9veloppe une politique active de partenariats strat\u00e9giques avec des institutions nationales, sous-r\u00e9gionales et internationales. Ces partenariats visent \u00e0 renforcer les capacit\u00e9s institutionnelles de l\u2019Ordre, \u00e0 appuyer le d\u00e9veloppement de ses membres, \u00e0 favoriser le transfert de comp\u00e9tences et \u00e0 contribuer \u00e0 la bonne gouvernance \u00e9conomique au Cameroun.<\/p>\n<p>Parmi les partenaires institutionnels, l\u2019ONECCA collabore \u00e9troitement avec des organismes tels que la COBAC (Commission Bancaire de l\u2019Afrique Centrale), l\u2019OHADA, le CONSUPE (Contr\u00f4le Sup\u00e9rieur de l\u2019\u00c9tat), l\u2019INTOSAI (Organisation internationale des institutions sup\u00e9rieures de contr\u00f4le des finances publiques) et l\u2019AFROSAI (branche africaine de l\u2019INTOSAI). Ces collaborations portent notamment sur l\u2019am\u00e9lioration des syst\u00e8mes de contr\u00f4le, la normalisation des pratiques d\u2019audit et l\u2019appui \u00e0 la r\u00e9forme des finances publiques.<\/p>\n<p>L\u2019Ordre entretient \u00e9galement des relations privil\u00e9gi\u00e9es avec des ordres \u00e9trangers, comme le Conseil Sup\u00e9rieur de l\u2019Ordre des Experts-Comptables de France, ou encore les ordres du Nigeria, de l\u2019\u00c9gypte et de l\u2019Afrique du Sud.<\/p>\n<p>Sur le plan acad\u00e9mique et technique, l\u2019ONECCA noue des partenariats avec des universit\u00e9s, des centres de formation et des institutions de financement du d\u00e9veloppement, pour renforcer l\u2019offre de formation, de recherche et d\u2019accompagnement technique.<\/p>\n<p>Ces partenariats permettent \u00e0 l\u2019Ordre de rester au c\u0153ur de l\u2019\u00e9volution de la profession, d\u2019innover dans ses pratiques et de jouer un r\u00f4le moteur dans la transformation de l\u2019environnement comptable et financier camerounais.<\/p>\n<\/div><\/div><\/div><\/div><\/div><div class=\"fusion-fullwidth fullwidth-box fusion-builder-row-2 fusion-flex-container has-pattern-background has-mask-background nonhundred-percent-fullwidth non-hundred-percent-height-scrolling\" style=\"--awb-border-radius-top-left:0px;--awb-border-radius-top-right:0px;--awb-border-radius-bottom-right:0px;--awb-border-radius-bottom-left:0px;--awb-background-color:rgba(239,239,239,0.75);--awb-flex-wrap:wrap;\" ><div class=\"fusion-builder-row fusion-row fusion-flex-align-items-flex-start fusion-flex-content-wrap\" style=\"max-width:1300px;margin-left: calc(-4% \/ 2 );margin-right: calc(-4% \/ 2 );\"><div class=\"fusion-layout-column fusion_builder_column fusion-builder-column-1 fusion_builder_column_1_1 1_1 fusion-flex-column\" style=\"--awb-bg-size:cover;--awb-width-large:100%;--awb-margin-top-large:0px;--awb-spacing-right-large:1.92%;--awb-margin-bottom-large:20px;--awb-spacing-left-large:1.92%;--awb-width-medium:100%;--awb-order-medium:0;--awb-spacing-right-medium:1.92%;--awb-spacing-left-medium:1.92%;--awb-width-small:100%;--awb-order-small:0;--awb-spacing-right-small:1.92%;--awb-spacing-left-small:1.92%;\"><div class=\"fusion-column-wrapper fusion-column-has-shadow fusion-flex-justify-content-flex-start fusion-content-layout-column\"><div class=\"fusion-text fusion-text-2\"><h4>Partenaires et collaborations de l\u2019ONECCA<\/h4>\n<p>L\u2019ONECCA collabore avec un large \u00e9ventail de partenaires, issus aussi bien du secteur public que du secteur priv\u00e9, au Cameroun et \u00e0 l\u2019international.<\/p>\n<p>Parmi ses partenaires institutionnels nationaux, on retrouve en priorit\u00e9 le Minist\u00e8re des Finances, tutelle principale de l\u2019Ordre, avec lequel il travaille \u00e9troitement sur la r\u00e9gulation de la profession comptable et l\u2019assainissement des finances publiques. L\u2019ONECCA coop\u00e8re \u00e9galement avec le CONSUPE (Contr\u00f4le Sup\u00e9rieur de l\u2019\u00c9tat) pour l\u2019am\u00e9lioration des dispositifs de contr\u00f4le et d\u2019audit dans l\u2019administration publique, et avec le Minist\u00e8re de la Justice sur les aspects juridiques li\u00e9s \u00e0 la profession.<\/p>\n<p>Sur le plan r\u00e9gional, l\u2019Ordre entretient des relations fortes avec la COBAC (Commission Bancaire de l\u2019Afrique Centrale), notamment dans le cadre du renforcement des normes prudentielles pour les \u00e9tablissements bancaires et financiers, et avec l\u2019OHADA (Organisation pour l\u2019Harmonisation en Afrique du Droit des Affaires), en mati\u00e8re de normalisation comptable et d\u2019unification juridique.<\/p>\n<p>\u00c0 l\u2019international, l\u2019ONECCA est partenaire du Conseil Sup\u00e9rieur de l\u2019Ordre des Experts-Comptables de France, dans une logique de coop\u00e9ration francophone. Il entretient \u00e9galement des liens avec des ordres professionnels africains, notamment ceux du Nigeria, de l\u2019Afrique du Sud, du S\u00e9n\u00e9gal et de la R\u00e9publique D\u00e9mocratique du Congo, dans le but de favoriser le partage de bonnes pratiques, la mobilit\u00e9 professionnelle et la reconnaissance mutuelle des qualifications.<\/p>\n<p>Par ailleurs, l\u2019ONECCA collabore avec des organisations de d\u00e9veloppement comme la Banque Mondiale, l\u2019AFD (Agence Fran\u00e7aise de D\u00e9veloppement) ou encore le PNUD, dans des projets de renforcement des capacit\u00e9s, de bonne gouvernance ou d\u2019appui au secteur priv\u00e9.<\/p>\n<p>\u00c0 travers ces partenariats multiformes, l\u2019Ordre consolide sa cr\u00e9dibilit\u00e9, \u00e9tend son champ d\u2019action et contribue activement \u00e0 la modernisation de l\u2019environnement comptable et financier du Cameroun.<\/p>\n<\/div><\/div><\/div><\/div><\/div><\/p>\n","protected":false},"excerpt":{"rendered":"","protected":false},"author":1,"featured_media":0,"parent":11,"menu_order":0,"comment_status":"closed","ping_status":"closed","template":"100-width.php","meta":{"footnotes":""},"class_list":["post-21","page","type-page","status-publish","hentry"],"acf":[],"_links":{"self":[{"href":"https:\/\/www.onecca.cm\/index.php\/wp-json\/wp\/v2\/pages\/21","targetHints":{"allow":["GET"]}}],"collection":[{"href":"https:\/\/www.onecca.cm\/index.php\/wp-json\/wp\/v2\/pages"}],"about":[{"href":"https:\/\/www.onecca.cm\/index.php\/wp-json\/wp\/v2\/types\/page"}],"author":[{"embeddable":true,"href":"https:\/\/www.onecca.cm\/index.php\/wp-json\/wp\/v2\/users\/1"}],"replies":[{"embeddable":true,"href":"https:\/\/www.onecca.cm\/index.php\/wp-json\/wp\/v2\/comments?post=21"}],"version-history":[{"count":5,"href":"https:\/\/www.onecca.cm\/index.php\/wp-json\/wp\/v2\/pages\/21\/revisions"}],"predecessor-version":[{"id":406,"href":"https:\/\/www.onecca.cm\/index.php\/wp-json\/wp\/v2\/pages\/21\/revisions\/406"}],"up":[{"embeddable":true,"href":"https:\/\/www.onecca.cm\/index.php\/wp-json\/wp\/v2\/pages\/11"}],"wp:attachment":[{"href":"https:\/\/www.onecca.cm\/index.php\/wp-json\/wp\/v2\/media?parent=21"}],"curies":[{"name":"wp","href":"https:\/\/api.w.org\/{rel}","templated":true}]}}