{"id":24,"date":"2025-07-07T09:03:29","date_gmt":"2025-07-07T09:03:29","guid":{"rendered":"https:\/\/www.onecca.cm\/?page_id=24"},"modified":"2025-08-27T09:50:46","modified_gmt":"2025-08-27T09:50:46","slug":"representations","status":"publish","type":"page","link":"https:\/\/www.onecca.cm\/index.php\/lonecca\/a-propos-de-lordre\/representations\/","title":{"rendered":"Repr\u00e9sentations"},"content":{"rendered":"<div class=\"fusion-fullwidth fullwidth-box fusion-builder-row-1 fusion-flex-container nonhundred-percent-fullwidth non-hundred-percent-height-scrolling\" style=\"--awb-border-radius-top-left:0px;--awb-border-radius-top-right:0px;--awb-border-radius-bottom-right:0px;--awb-border-radius-bottom-left:0px;--awb-flex-wrap:wrap;\" ><div class=\"fusion-builder-row fusion-row fusion-flex-align-items-flex-start fusion-flex-content-wrap\" style=\"max-width:1300px;margin-left: calc(-4% \/ 2 );margin-right: calc(-4% \/ 2 );\"><div class=\"fusion-layout-column fusion_builder_column fusion-builder-column-0 fusion_builder_column_1_1 1_1 fusion-flex-column\" style=\"--awb-bg-size:cover;--awb-width-large:100%;--awb-margin-top-large:0px;--awb-spacing-right-large:1.92%;--awb-margin-bottom-large:0px;--awb-spacing-left-large:1.92%;--awb-width-medium:100%;--awb-spacing-right-medium:1.92%;--awb-spacing-left-medium:1.92%;--awb-width-small:100%;--awb-spacing-right-small:1.92%;--awb-spacing-left-small:1.92%;\"><div class=\"fusion-column-wrapper fusion-flex-justify-content-flex-start fusion-content-layout-column\"><div class=\"fusion-text fusion-text-1\"><h4>Si\u00e8ge et repr\u00e9sentations de l\u2019ONECCA<\/h4>\n<p>\n  L\u2019ONECCA dispose d\u2019un si\u00e8ge national \u00e0 Douala, pr\u00e9cis\u00e9ment \u00e0 Bonanjo, qui abrite l\u2019ensemble des services administratifs, techniques et de formation. Le si\u00e8ge est dot\u00e9 d\u2019amphith\u00e9\u00e2tres, de salles multim\u00e9dias et d\u2019\u00e9quipements modernes destin\u00e9s \u00e0 l\u2019accueil des membres et \u00e0 l\u2019organisation d\u2019\u00e9v\u00e9nements.\n<\/p>\n<p>\n  En dehors du si\u00e8ge, l\u2019Ordre est repr\u00e9sent\u00e9 \u00e0 Yaound\u00e9, notamment par des cellules locales actives dans la formation et la communication. Il met \u00e9galement en place des antennes d\u00e9centralis\u00e9es pour renforcer sa proximit\u00e9 avec ses membres r\u00e9partis dans tout le pays. \u00c0 travers les plateformes comme le Business Talk, l\u2019Ordre multiplie ses interventions dans les r\u00e9gions pour \u00e9changer avec les entreprises, les jeunes professionnels et les autorit\u00e9s locales.\n<\/p>\n<p>\n  Sur le plan international, l\u2019ONECCA est repr\u00e9sent\u00e9 dans divers comit\u00e9s de normalisation, de d\u00e9ontologie et de strat\u00e9gie comptable en Afrique et au sein de l\u2019IFAC. Son pr\u00e9sident et les membres de son conseil interviennent dans des instances sous-r\u00e9gionales (CEMAC, OHADA) et internationales pour d\u00e9fendre les int\u00e9r\u00eats des experts-comptables camerounais.\n<\/p>\n<p>\n  L\u2019Ordre participe r\u00e9guli\u00e8rement aux forums internationaux o\u00f9 il pr\u00e9sente les progr\u00e8s r\u00e9alis\u00e9s en mati\u00e8re de gouvernance, de professionnalisation et de digitalisation. Ces repr\u00e9sentations renforcent non seulement l\u2019influence de l\u2019Ordre, mais aussi sa capacit\u00e9 \u00e0 apprendre, innover et accompagner efficacement les mutations de la profession comptable au Cameroun et au-del\u00e0.<\/p>\n<\/div><\/div><\/div><\/div><\/div>\n","protected":false},"excerpt":{"rendered":"","protected":false},"author":1,"featured_media":0,"parent":11,"menu_order":0,"comment_status":"closed","ping_status":"closed","template":"100-width.php","meta":{"footnotes":""},"class_list":["post-24","page","type-page","status-publish","hentry"],"acf":[],"_links":{"self":[{"href":"https:\/\/www.onecca.cm\/index.php\/wp-json\/wp\/v2\/pages\/24","targetHints":{"allow":["GET"]}}],"collection":[{"href":"https:\/\/www.onecca.cm\/index.php\/wp-json\/wp\/v2\/pages"}],"about":[{"href":"https:\/\/www.onecca.cm\/index.php\/wp-json\/wp\/v2\/types\/page"}],"author":[{"embeddable":true,"href":"https:\/\/www.onecca.cm\/index.php\/wp-json\/wp\/v2\/users\/1"}],"replies":[{"embeddable":true,"href":"https:\/\/www.onecca.cm\/index.php\/wp-json\/wp\/v2\/comments?post=24"}],"version-history":[{"count":4,"href":"https:\/\/www.onecca.cm\/index.php\/wp-json\/wp\/v2\/pages\/24\/revisions"}],"predecessor-version":[{"id":435,"href":"https:\/\/www.onecca.cm\/index.php\/wp-json\/wp\/v2\/pages\/24\/revisions\/435"}],"up":[{"embeddable":true,"href":"https:\/\/www.onecca.cm\/index.php\/wp-json\/wp\/v2\/pages\/11"}],"wp:attachment":[{"href":"https:\/\/www.onecca.cm\/index.php\/wp-json\/wp\/v2\/media?parent=24"}],"curies":[{"name":"wp","href":"https:\/\/api.w.org\/{rel}","templated":true}]}}