{"id":272,"date":"2025-07-17T04:30:07","date_gmt":"2025-07-17T04:30:07","guid":{"rendered":"https:\/\/www.onecca.cm\/?page_id=272"},"modified":"2025-08-27T09:48:32","modified_gmt":"2025-08-27T09:48:32","slug":"nos-missions","status":"publish","type":"page","link":"https:\/\/www.onecca.cm\/index.php\/lonecca\/a-propos-de-lordre\/nos-missions\/","title":{"rendered":"Nos missions"},"content":{"rendered":"<div class=\"fusion-fullwidth fullwidth-box fusion-builder-row-1 fusion-flex-container nonhundred-percent-fullwidth non-hundred-percent-height-scrolling\" style=\"--awb-border-radius-top-left:0px;--awb-border-radius-top-right:0px;--awb-border-radius-bottom-right:0px;--awb-border-radius-bottom-left:0px;--awb-flex-wrap:wrap;\" ><div class=\"fusion-builder-row fusion-row fusion-flex-align-items-flex-start fusion-flex-content-wrap\" style=\"max-width:1300px;margin-left: calc(-4% \/ 2 );margin-right: calc(-4% \/ 2 );\"><div class=\"fusion-layout-column fusion_builder_column fusion-builder-column-0 fusion_builder_column_1_1 1_1 fusion-flex-column\" style=\"--awb-bg-size:cover;--awb-width-large:100%;--awb-margin-top-large:0px;--awb-spacing-right-large:1.92%;--awb-margin-bottom-large:0px;--awb-spacing-left-large:1.92%;--awb-width-medium:100%;--awb-spacing-right-medium:1.92%;--awb-spacing-left-medium:1.92%;--awb-width-small:100%;--awb-spacing-right-small:1.92%;--awb-spacing-left-small:1.92%;\"><div class=\"fusion-column-wrapper fusion-flex-justify-content-flex-start fusion-content-layout-column\"><div class=\"fusion-text fusion-text-1\"><p>L\u2019<strong>Ordre National des Experts-Comptables du Cameroun (ONECCA)<\/strong> remplit de <strong>multiples missions<\/strong> essentielles, toutes orient\u00e9es vers la <strong>r\u00e9gulation<\/strong>, la <strong>valorisation<\/strong> et le <strong>d\u00e9veloppement strat\u00e9gique<\/strong> de la profession comptable au Cameroun.<\/p>\n<h4>&nbsp;R\u00e9gulation de la profession<\/h4>\n<p>L\u2019ONECCA est avant tout un <strong>organisme de r\u00e9gulation<\/strong>, garantissant que ses membres exercent dans le <strong>respect des normes professionnelles<\/strong> et de l\u2019<strong>\u00e9thique<\/strong>. Il veille :<\/p>\n<ul>\n<li>\u00e0 la <strong>qualit\u00e9 des prestations<\/strong> fournies ;<\/li>\n<li>au respect des engagements envers le <strong>public<\/strong>, les <strong>entreprises<\/strong> et l\u2019<strong>\u00c9tat<\/strong>.<\/li>\n<\/ul>\n<h4>&nbsp;Formation et d\u00e9veloppement professionnel<\/h4>\n<p>\u00c0 travers son <strong>institut de formation interne<\/strong> et ses programmes de <strong>d\u00e9veloppement professionnel continu<\/strong>, l\u2019Ordre assure la <strong>mont\u00e9e en comp\u00e9tence permanente<\/strong> des experts-comptables. Il joue ainsi un r\u00f4le central dans la <strong>transmission du savoir<\/strong> et la <strong>mise \u00e0 jour des pratiques<\/strong>.<\/p>\n<h4>&nbsp;Promotion de la transparence et de la redevabilit\u00e9<\/h4>\n<p>L\u2019ONECCA promeut une <strong>culture de la transparence financi\u00e8re<\/strong> et de la <strong>redevabilit\u00e9<\/strong>, \u00e9l\u00e9ments cl\u00e9s dans la <strong>lutte contre la corruption<\/strong> et les <strong>mauvaises pratiques de gestion<\/strong>. Il participe activement \u00e0 l\u2019instauration d\u2019un climat de <strong>confiance et d\u2019int\u00e9grit\u00e9<\/strong>.<\/p>\n<h4>&nbsp;Conseil strat\u00e9gique aux entreprises<\/h4>\n<p>L\u2019Ordre valorise le r\u00f4le de l\u2019<strong>expert-comptable comme conseiller strat\u00e9gique<\/strong>, accompagnant les entreprises dans leur <strong>croissance<\/strong>, leur <strong>gestion des risques<\/strong> et leur <strong>conformit\u00e9 r\u00e9glementaire<\/strong>.<\/p>\n<\/div><\/div><\/div><\/div><\/div>\n","protected":false},"excerpt":{"rendered":"","protected":false},"author":1,"featured_media":0,"parent":11,"menu_order":0,"comment_status":"closed","ping_status":"closed","template":"100-width.php","meta":{"footnotes":""},"class_list":["post-272","page","type-page","status-publish","hentry"],"acf":[],"_links":{"self":[{"href":"https:\/\/www.onecca.cm\/index.php\/wp-json\/wp\/v2\/pages\/272","targetHints":{"allow":["GET"]}}],"collection":[{"href":"https:\/\/www.onecca.cm\/index.php\/wp-json\/wp\/v2\/pages"}],"about":[{"href":"https:\/\/www.onecca.cm\/index.php\/wp-json\/wp\/v2\/types\/page"}],"author":[{"embeddable":true,"href":"https:\/\/www.onecca.cm\/index.php\/wp-json\/wp\/v2\/users\/1"}],"replies":[{"embeddable":true,"href":"https:\/\/www.onecca.cm\/index.php\/wp-json\/wp\/v2\/comments?post=272"}],"version-history":[{"count":4,"href":"https:\/\/www.onecca.cm\/index.php\/wp-json\/wp\/v2\/pages\/272\/revisions"}],"predecessor-version":[{"id":434,"href":"https:\/\/www.onecca.cm\/index.php\/wp-json\/wp\/v2\/pages\/272\/revisions\/434"}],"up":[{"embeddable":true,"href":"https:\/\/www.onecca.cm\/index.php\/wp-json\/wp\/v2\/pages\/11"}],"wp:attachment":[{"href":"https:\/\/www.onecca.cm\/index.php\/wp-json\/wp\/v2\/media?parent=272"}],"curies":[{"name":"wp","href":"https:\/\/api.w.org\/{rel}","templated":true}]}}