{"id":28,"date":"2025-07-07T09:04:13","date_gmt":"2025-07-07T09:04:13","guid":{"rendered":"https:\/\/www.onecca.cm\/?page_id=28"},"modified":"2025-08-27T09:51:57","modified_gmt":"2025-08-27T09:51:57","slug":"vie-de-lordre","status":"publish","type":"page","link":"https:\/\/www.onecca.cm\/index.php\/vie-de-lordre\/","title":{"rendered":"VIE DE L&rsquo;ORDRE"},"content":{"rendered":"<div class=\"fusion-fullwidth fullwidth-box fusion-builder-row-1 fusion-flex-container has-pattern-background has-mask-background nonhundred-percent-fullwidth non-hundred-percent-height-scrolling\" style=\"--awb-border-radius-top-left:0px;--awb-border-radius-top-right:0px;--awb-border-radius-bottom-right:0px;--awb-border-radius-bottom-left:0px;--awb-flex-wrap:wrap;\" ><div class=\"fusion-builder-row fusion-row fusion-flex-align-items-flex-start fusion-flex-content-wrap\" style=\"max-width:1300px;margin-left: calc(-4% \/ 2 );margin-right: calc(-4% \/ 2 );\"><div class=\"fusion-layout-column fusion_builder_column fusion-builder-column-0 fusion_builder_column_1_1 1_1 fusion-flex-column\" style=\"--awb-bg-size:cover;--awb-width-large:100%;--awb-margin-top-large:0px;--awb-spacing-right-large:1.92%;--awb-margin-bottom-large:20px;--awb-spacing-left-large:1.92%;--awb-width-medium:100%;--awb-order-medium:0;--awb-spacing-right-medium:1.92%;--awb-spacing-left-medium:1.92%;--awb-width-small:100%;--awb-order-small:0;--awb-spacing-right-small:1.92%;--awb-spacing-left-small:1.92%;\"><div class=\"fusion-column-wrapper fusion-column-has-shadow fusion-flex-justify-content-flex-start fusion-content-layout-column\"><div class=\"fusion-text fusion-text-1\"><h4 class=\"fusion-responsive-typography-calculated\" style=\"--fontsize: 24; line-height: 1.2; --minfontsize: 24;\" data-fontsize=\"24\" data-lineheight=\"28.8px\"><span dir=\"auto\" style=\"vertical-align: inherit;\"><span dir=\"auto\" style=\"vertical-align: inherit;\">&nbsp;Assembl\u00e9es g\u00e9n\u00e9rales<\/span><\/span><\/h4>\n<p><span dir=\"auto\" style=\"vertical-align: inherit;\"><span dir=\"auto\" style=\"vertical-align: inherit;\">Les assembl\u00e9es g\u00e9n\u00e9rales de l&rsquo;Ordre National des Experts-Comptables du Cameroun (ONECCA) constituent des moments cl\u00e9s de la vie institutionnelle de l&rsquo;Ordre. Elles se respectent au moins une fois par an et permettent aux membres de d\u00e9battre des grandes orientations, d&rsquo;approuver les \u00e9tats financiers, d&rsquo;adopter le budget pr\u00e9visionnel et de fixer le montant des cotisations.<\/span><\/span><\/p>\n<p><span dir=\"auto\" style=\"vertical-align: inherit;\"><span dir=\"auto\" style=\"vertical-align: inherit;\">Ces rencontres se distinguent \u00e9galement par l&rsquo;expression d\u00e9mocratique au sein de l&rsquo;Ordre, notamment \u00e0 travers l&rsquo;\u00e9lection des membres du Conseil et des commissions. Les assembl\u00e9es g\u00e9n\u00e9rales renforcent la transparence et la responsabilit\u00e9 des organes dirigeants.<\/span><\/span><\/p>\n<h4 class=\"fusion-responsive-typography-calculated\" style=\"--fontsize: 24; line-height: 1.2; --minfontsize: 24;\" data-fontsize=\"24\" data-lineheight=\"28.8px\"><span dir=\"auto\" style=\"vertical-align: inherit;\"><span dir=\"auto\" style=\"vertical-align: inherit;\">&nbsp;Congr\u00e8s<\/span><\/span><\/h4>\n<p><span dir=\"auto\" style=\"vertical-align: inherit;\"><span dir=\"auto\" style=\"vertical-align: inherit;\">Les congr\u00e8s de l&rsquo;ONECCA sont des \u00e9v\u00e9nements majeurs qui r\u00e9unissent les professionnels de la comptabilit\u00e9, de l&rsquo;audit et de la finance, ainsi que des partenaires nationaux et internationaux. Organis\u00e9s p\u00e9riodiquement, ils offrent un cadre de r\u00e9flexion strat\u00e9gique sur les enjeux de la profession, les innovations, les d\u00e9fis r\u00e9glementaires et les perspectives d&rsquo;\u00e9volution.<\/span><\/span><\/p>\n<p><span dir=\"auto\" style=\"vertical-align: inherit;\"><span dir=\"auto\" style=\"vertical-align: inherit;\">Ces congr\u00e8s permettent \u00e9galement de renforcer la coop\u00e9ration avec d&rsquo;autres institutions, de favoriser les \u00e9changes d&rsquo;exp\u00e9riences et de promouvoir le r\u00f4le de l&rsquo;expert-comptable dans le d\u00e9veloppement \u00e9conomique. Ils marquent un temps fort dans la vie de l&rsquo;Ordre en projetant une image dynamique et ouverte de la profession.<\/span><\/span><\/p>\n<h4 class=\"fusion-responsive-typography-calculated\" style=\"--fontsize: 24; line-height: 1.2; --minfontsize: 24;\" data-fontsize=\"24\" data-lineheight=\"28.8px\"><span dir=\"auto\" style=\"vertical-align: inherit;\"><span dir=\"auto\" style=\"vertical-align: inherit;\">&nbsp;Discours et allocutions<\/span><\/span><\/h4>\n<p><span dir=\"auto\" style=\"vertical-align: inherit;\"><span dir=\"auto\" style=\"vertical-align: inherit;\">Les discours prononc\u00e9s lors des \u00e9v\u00e9nements officiels de l&rsquo;ONECCA, notamment par le pr\u00e9sident de l&rsquo;Ordre ou les membres du Conseil, sont des prises de parole strat\u00e9giques. Ils visent \u00e0 transmettre la vision de l&rsquo;Ordre, \u00e0 rappeler les valeurs de la profession et \u00e0 commenter les r\u00e9formes ou les enjeux actuels.<\/span><\/span><\/p>\n<p><span dir=\"auto\" style=\"vertical-align: inherit;\"><span dir=\"auto\" style=\"vertical-align: inherit;\">Ces allocutions sont aussi l&rsquo;occasion de saluer les efforts des membres, d&rsquo;encourager l&rsquo;excellence professionnelle et de souligner le r\u00f4le citoyen de l&rsquo;expert-comptable. \u00c0 travers ces discours, l&rsquo;Ordre r\u00e9affirme sa mission au service de la transparence, de la gouvernance et du d\u00e9veloppement du tissu \u00e9conomique national.<\/span><\/span><\/p>\n<h4 class=\"fusion-responsive-typography-calculated\" style=\"--fontsize: 24; line-height: 1.2; --minfontsize: 24;\" data-fontsize=\"24\" data-lineheight=\"28.8px\"><span dir=\"auto\" style=\"vertical-align: inherit;\"><span dir=\"auto\" style=\"vertical-align: inherit;\">&nbsp;Bureau du Conseil de l&rsquo;Ordre<\/span><\/span><\/h4>\n<p><span dir=\"auto\" style=\"vertical-align: inherit;\"><span dir=\"auto\" style=\"vertical-align: inherit;\">Le Bureau du Conseil de l&rsquo;Ordre de l&rsquo;ONECCA est l&rsquo;organe ex\u00e9cutif charg\u00e9 de la gestion quotidienne des activit\u00e9s de l&rsquo;Ordre. <\/span><\/span><span style=\"letter-spacing: 0.27px; background-color: rgba(0, 0, 0, 0);\"><span dir=\"auto\" style=\"vertical-align: inherit;\"><span dir=\"auto\" style=\"vertical-align: inherit;\">Il est compos\u00e9 de :<\/span><\/span><\/span><\/p>\n<p><span dir=\"auto\" style=\"vertical-align: inherit;\"><span dir=\"auto\" style=\"vertical-align: inherit;\">* Un Pr\u00e9sident;<\/span><\/span><\/p>\n<p><span dir=\"auto\" style=\"vertical-align: inherit;\"><span dir=\"auto\" style=\"vertical-align: inherit;\">* Un Vice-Pr\u00e9sident en charge <\/span><\/span><span style=\"letter-spacing: 0.27px; background-color: rgba(0, 0, 0, 0);\"><span dir=\"auto\" style=\"vertical-align: inherit;\"><span dir=\"auto\" style=\"vertical-align: inherit;\">de l&rsquo;\u00e9ducation et la <\/span><\/span><\/span><span style=\"letter-spacing: 0.27px; background-color: rgba(0, 0, 0, 0);\"><span dir=\"auto\" style=\"vertical-align: inherit;\"><span dir=\"auto\" style=\"vertical-align: inherit;\">formation;<\/span><\/span><\/span><\/p>\n<p><span style=\"letter-spacing: 0.27px; background-color: rgba(0, 0, 0, 0);\"><span dir=\"auto\" style=\"vertical-align: inherit;\"><span dir=\"auto\" style=\"vertical-align: inherit;\">* Un Vice-Pr\u00e9sident en charge des affaires techniques;<\/span><\/span><\/span><\/p>\n<p><span style=\"letter-spacing: 0.27px; background-color: rgba(0, 0, 0, 0);\"><span dir=\"auto\" style=\"vertical-align: inherit;\"><span dir=\"auto\" style=\"vertical-align: inherit;\">* Un Vice-Pr\u00e9sident en charge de la d\u00e9ontologie et de la discipline;<\/span><\/span><\/span><\/p>\n<p><span style=\"letter-spacing: 0.27px; background-color: rgba(0, 0, 0, 0);\"><span dir=\"auto\" style=\"vertical-align: inherit;\"><span dir=\"auto\" style=\"vertical-align: inherit;\">* Un Secr\u00e9taire G\u00e9n\u00e9ral;<\/span><\/span><\/span><\/p>\n<p><span style=\"letter-spacing: 0.27px; background-color: rgba(0, 0, 0, 0);\"><span dir=\"auto\" style=\"vertical-align: inherit;\"><span dir=\"auto\" style=\"vertical-align: inherit;\">*Un Secr\u00e9taire G\u00e9n\u00e9ral Adjoint;<\/span><\/span><\/span><\/p>\n<p><span style=\"letter-spacing: 0.27px; background-color: rgba(0, 0, 0, 0);\"><span dir=\"auto\" style=\"vertical-align: inherit;\"><span dir=\"auto\" style=\"vertical-align: inherit;\">* Un Tr\u00e9sorier;<\/span><\/span><\/span><\/p>\n<p><span style=\"letter-spacing: 0.27px; background-color: rgba(0, 0, 0, 0);\"><span dir=\"auto\" style=\"vertical-align: inherit;\"><span dir=\"auto\" style=\"vertical-align: inherit;\">* Un Tr\u00e9sorier Adjoint.<\/span><\/span><\/span><\/p>\n<p><span style=\"letter-spacing: 0.27px; background-color: rgba(0, 0, 0, 0);\"><span dir=\"auto\" style=\"vertical-align: inherit;\"><span dir=\"auto\" style=\"vertical-align: inherit;\">Ce bureau est \u00e9lu parmi les membres du Conseil de l&rsquo;Ordre, lui-m\u00eame issu de l&rsquo;Assembl\u00e9e G\u00e9n\u00e9rale. Le Bureau veille \u00e0 la bonne application des d\u00e9cisions prises par le Conseil, coordonne les travaux des commissions techniques, et assure la repr\u00e9sentation de l&rsquo;Ordre aupr\u00e8s des institutions partenaires. Il agit comme moteur op\u00e9rationnel et administratif au sein de l&rsquo;organisation.<\/span><\/span><\/span><\/p>\n<h4 class=\"fusion-responsive-typography-calculated\" style=\"--fontsize: 24; line-height: 1.2; --minfontsize: 24;\" data-fontsize=\"24\" data-lineheight=\"28.8px\"><span dir=\"auto\" style=\"vertical-align: inherit;\"><span dir=\"auto\" style=\"vertical-align: inherit;\">&nbsp;Techniques de commissions<\/span><\/span><\/h4>\n<p><span dir=\"auto\" style=\"vertical-align: inherit;\"><span dir=\"auto\" style=\"vertical-align: inherit;\">Les commissions techniques de l&rsquo;ONECCA jouent un r\u00f4le central dans le fonctionnement de l&rsquo;Ordre. Elles sont constitu\u00e9es de membres experts ayant pour mission de traiter des th\u00e9matiques sp\u00e9cifiques comme la formation, la d\u00e9ontologie, la discipline, les affaires techniques ou encore l&rsquo;inscription au tableau.<\/span><\/span><\/p>\n<p><span dir=\"auto\" style=\"vertical-align: inherit;\"><span dir=\"auto\" style=\"vertical-align: inherit;\">Parmi les commissions les plus actives figurent la Commission des Membres, la Commission \u00c9ducation et Formation, la Commission D\u00e9ontologie et Discipline, et la Commission Technique. Ces commissions formulent des avis, r\u00e9digent des rapports et accompagnent le Conseil dans ses d\u00e9cisions strat\u00e9giques.<\/span><\/span><\/p>\n<p><span dir=\"auto\" style=\"vertical-align: inherit;\"><span dir=\"auto\" style=\"vertical-align: inherit;\">Leur fonctionnement repose sur le volontariat, la comp\u00e9tence professionnelle et le respect des valeurs de l&rsquo;Ordre.<\/span><\/span><\/p>\n<\/div><\/div><\/div><\/div><\/div>\n","protected":false},"excerpt":{"rendered":"","protected":false},"author":1,"featured_media":0,"parent":0,"menu_order":0,"comment_status":"closed","ping_status":"closed","template":"100-width.php","meta":{"footnotes":""},"class_list":["post-28","page","type-page","status-publish","hentry"],"acf":[],"_links":{"self":[{"href":"https:\/\/www.onecca.cm\/index.php\/wp-json\/wp\/v2\/pages\/28","targetHints":{"allow":["GET"]}}],"collection":[{"href":"https:\/\/www.onecca.cm\/index.php\/wp-json\/wp\/v2\/pages"}],"about":[{"href":"https:\/\/www.onecca.cm\/index.php\/wp-json\/wp\/v2\/types\/page"}],"author":[{"embeddable":true,"href":"https:\/\/www.onecca.cm\/index.php\/wp-json\/wp\/v2\/users\/1"}],"replies":[{"embeddable":true,"href":"https:\/\/www.onecca.cm\/index.php\/wp-json\/wp\/v2\/comments?post=28"}],"version-history":[{"count":5,"href":"https:\/\/www.onecca.cm\/index.php\/wp-json\/wp\/v2\/pages\/28\/revisions"}],"predecessor-version":[{"id":436,"href":"https:\/\/www.onecca.cm\/index.php\/wp-json\/wp\/v2\/pages\/28\/revisions\/436"}],"wp:attachment":[{"href":"https:\/\/www.onecca.cm\/index.php\/wp-json\/wp\/v2\/media?parent=28"}],"curies":[{"name":"wp","href":"https:\/\/api.w.org\/{rel}","templated":true}]}}