{"id":282,"date":"2025-07-17T04:47:59","date_gmt":"2025-07-17T04:47:59","guid":{"rendered":"https:\/\/www.onecca.cm\/?page_id=282"},"modified":"2025-07-17T04:47:59","modified_gmt":"2025-07-17T04:47:59","slug":"plan-de-developpement","status":"publish","type":"page","link":"https:\/\/www.onecca.cm\/index.php\/lonecca\/plan-de-developpement\/","title":{"rendered":"PLAN DE DEVELOPPEMENT"},"content":{"rendered":"<div class=\"fusion-fullwidth fullwidth-box fusion-builder-row-1 fusion-flex-container has-pattern-background has-mask-background nonhundred-percent-fullwidth non-hundred-percent-height-scrolling\" style=\"--awb-border-radius-top-left:0px;--awb-border-radius-top-right:0px;--awb-border-radius-bottom-right:0px;--awb-border-radius-bottom-left:0px;--awb-flex-wrap:wrap;\" ><div class=\"fusion-builder-row fusion-row fusion-flex-align-items-flex-start fusion-flex-content-wrap\" style=\"max-width:1300px;margin-left: calc(-4% \/ 2 );margin-right: calc(-4% \/ 2 );\"><div class=\"fusion-layout-column fusion_builder_column fusion-builder-column-0 fusion_builder_column_1_1 1_1 fusion-flex-column\" style=\"--awb-bg-size:cover;--awb-width-large:100%;--awb-margin-top-large:0px;--awb-spacing-right-large:1.92%;--awb-margin-bottom-large:20px;--awb-spacing-left-large:1.92%;--awb-width-medium:100%;--awb-order-medium:0;--awb-spacing-right-medium:1.92%;--awb-spacing-left-medium:1.92%;--awb-width-small:100%;--awb-order-small:0;--awb-spacing-right-small:1.92%;--awb-spacing-left-small:1.92%;\"><div class=\"fusion-column-wrapper fusion-column-has-shadow fusion-flex-justify-content-flex-start fusion-content-layout-column\"><div class=\"fusion-text fusion-text-1\"><h4>Le d\u00e9veloppement strat\u00e9gique de l\u2019ONECCA<\/h4>\n<p>Le d\u00e9veloppement strat\u00e9gique de l\u2019ONECCA repose sur un plan directeur actualis\u00e9 r\u00e9guli\u00e8rement. Le premier plan a \u00e9t\u00e9 adopt\u00e9 en 2016, r\u00e9vis\u00e9 en 2019, puis ajust\u00e9 en 2022 pour s\u2019adapter aux nouveaux enjeux \u00e9conomiques et technologiques.<\/p>\n<p>Ce plan de d\u00e9veloppement est structur\u00e9 autour de plusieurs axes strat\u00e9giques. Le premier est le renforcement des capacit\u00e9s techniques et professionnelles des membres afin de garantir la qualit\u00e9 des prestations comptables au Cameroun. Le deuxi\u00e8me axe est l\u2019alignement sur les standards internationaux, notamment les normes IFAC (SMOs) et les IFRS, pour renforcer la cr\u00e9dibilit\u00e9 de la profession. Le troisi\u00e8me axe concerne l\u2019\u00e9thique, avec la mise en place de programmes de sensibilisation, d\u2019audits de conformit\u00e9 et de proc\u00e9dures disciplinaires renforc\u00e9es. Le quatri\u00e8me axe vise \u00e0 renforcer la visibilit\u00e9 de l\u2019Ordre et son influence au niveau r\u00e9gional et international.<\/p>\n<p>Le plan int\u00e8gre aussi des objectifs de digitalisation des services, d\u2019inclusion des jeunes professionnels et de promotion de la parit\u00e9. Il pr\u00e9voit des partenariats structurants avec des institutions nationales et internationales, pour mutualiser les ressources et les comp\u00e9tences. L\u2019ONECCA met \u00e9galement un accent particulier sur l\u2019accompagnement des entreprises, notamment les PME, afin d\u2019am\u00e9liorer leur viabilit\u00e9 financi\u00e8re.<\/p>\n<p>Enfin, le plan inclut une politique de communication proactive \u00e0 travers des publications, des \u00e9v\u00e9nements et des campagnes m\u00e9diatiques pour valoriser la profession et \u00e9duquer le grand public sur son r\u00f4le dans le d\u00e9veloppement \u00e9conomique.<\/p>\n<\/div><\/div><\/div><\/div><\/div>\n","protected":false},"excerpt":{"rendered":"","protected":false},"author":1,"featured_media":0,"parent":8,"menu_order":0,"comment_status":"closed","ping_status":"closed","template":"100-width.php","meta":{"footnotes":""},"class_list":["post-282","page","type-page","status-publish","hentry"],"acf":[],"_links":{"self":[{"href":"https:\/\/www.onecca.cm\/index.php\/wp-json\/wp\/v2\/pages\/282","targetHints":{"allow":["GET"]}}],"collection":[{"href":"https:\/\/www.onecca.cm\/index.php\/wp-json\/wp\/v2\/pages"}],"about":[{"href":"https:\/\/www.onecca.cm\/index.php\/wp-json\/wp\/v2\/types\/page"}],"author":[{"embeddable":true,"href":"https:\/\/www.onecca.cm\/index.php\/wp-json\/wp\/v2\/users\/1"}],"replies":[{"embeddable":true,"href":"https:\/\/www.onecca.cm\/index.php\/wp-json\/wp\/v2\/comments?post=282"}],"version-history":[{"count":2,"href":"https:\/\/www.onecca.cm\/index.php\/wp-json\/wp\/v2\/pages\/282\/revisions"}],"predecessor-version":[{"id":285,"href":"https:\/\/www.onecca.cm\/index.php\/wp-json\/wp\/v2\/pages\/282\/revisions\/285"}],"up":[{"embeddable":true,"href":"https:\/\/www.onecca.cm\/index.php\/wp-json\/wp\/v2\/pages\/8"}],"wp:attachment":[{"href":"https:\/\/www.onecca.cm\/index.php\/wp-json\/wp\/v2\/media?parent=282"}],"curies":[{"name":"wp","href":"https:\/\/api.w.org\/{rel}","templated":true}]}}