{"id":311,"date":"2025-07-17T05:40:45","date_gmt":"2025-07-17T05:40:45","guid":{"rendered":"https:\/\/www.onecca.cm\/?page_id=311"},"modified":"2025-08-26T09:18:07","modified_gmt":"2025-08-26T09:18:07","slug":"trouver-un-expert-comptable","status":"publish","type":"page","link":"https:\/\/www.onecca.cm\/index.php\/la-profession\/trouver-un-expert-comptable\/","title":{"rendered":"TROUVER UN EXPERT COMPTABLE"},"content":{"rendered":"<div class=\"fusion-fullwidth fullwidth-box fusion-builder-row-1 fusion-flex-container nonhundred-percent-fullwidth non-hundred-percent-height-scrolling\" style=\"--awb-border-radius-top-left:0px;--awb-border-radius-top-right:0px;--awb-border-radius-bottom-right:0px;--awb-border-radius-bottom-left:0px;--awb-flex-wrap:wrap;\" ><div class=\"fusion-builder-row fusion-row fusion-flex-align-items-flex-start fusion-flex-content-wrap\" style=\"max-width:1300px;margin-left: calc(-4% \/ 2 );margin-right: calc(-4% \/ 2 );\"><div class=\"fusion-layout-column fusion_builder_column fusion-builder-column-0 fusion_builder_column_1_1 1_1 fusion-flex-column\" style=\"--awb-bg-size:cover;--awb-width-large:100%;--awb-margin-top-large:0px;--awb-spacing-right-large:1.92%;--awb-margin-bottom-large:0px;--awb-spacing-left-large:1.92%;--awb-width-medium:100%;--awb-spacing-right-medium:1.92%;--awb-spacing-left-medium:1.92%;--awb-width-small:100%;--awb-spacing-right-small:1.92%;--awb-spacing-left-small:1.92%;\"><div class=\"fusion-column-wrapper fusion-flex-justify-content-flex-start fusion-content-layout-column\"><div class=\"fusion-text fusion-text-1\"><h2>Trouver un expert-comptable membre de l\u2019ONECCA<\/h2>\n<p>La recherche d\u2019un expert-comptable agr\u00e9\u00e9 est facilit\u00e9e gr\u00e2ce \u00e0 l\u2019annuaire en ligne de l\u2019ONECCA. Accessible sur le site officiel, cet outil permet aux entreprises, institutions ou particuliers de trouver un professionnel selon plusieurs crit\u00e8res : <strong>nom<\/strong>, <strong>r\u00e9gion<\/strong>,<br \/><strong>ville<\/strong>, <strong>sp\u00e9cialit\u00e9<\/strong> ou <strong>num\u00e9ro de matricule<\/strong>.<\/p>\n<p>Chaque profil v\u00e9rifi\u00e9 fournit des informations essentielles : nom, adresse du cabinet, domaine d\u2019expertise (audit, fiscalit\u00e9, comptabilit\u00e9\u2026), statut professionnel et coordonn\u00e9es. En cas de besoin sp\u00e9cifique, le <strong>secr\u00e9tariat g\u00e9n\u00e9ral<\/strong> reste disponible pour une assistance personnalis\u00e9e.<\/p>\n<p>Ce dispositif garantit un <strong>cadre de confiance<\/strong> et de <strong>s\u00e9curit\u00e9 juridique<\/strong>. En choisissant un membre inscrit \u00e0 l\u2019ONECCA, les clients b\u00e9n\u00e9ficient de prestations encadr\u00e9es, d\u2019une assurance professionnelle et de garanties en cas de litige.<\/p>\n<\/div><div ><a class=\"fusion-button button-flat fusion-button-default-size button-default fusion-button-default button-1 fusion-button-default-span fusion-button-default-type\" target=\"_self\" href=\"https:\/\/www.onecca.cm\/index.php\/recherchez-un-expert-comptable\/\"><div class=\"awb-button__hover-content awb-button__hover-content--default awb-button__hover-content--centered\"><span class=\"fusion-button-text awb-button__text awb-button__text--default\">Acc\u00e9der \u00e0 l\u2019annuaire des membres<\/span><span class=\"fusion-button-text awb-button__text awb-button__text--hover\"><\/span><\/div><\/a><\/div><\/div><\/div><\/div><\/div>\n","protected":false},"excerpt":{"rendered":"","protected":false},"author":1,"featured_media":0,"parent":37,"menu_order":0,"comment_status":"closed","ping_status":"closed","template":"100-width.php","meta":{"footnotes":""},"class_list":["post-311","page","type-page","status-publish","hentry"],"acf":[],"_links":{"self":[{"href":"https:\/\/www.onecca.cm\/index.php\/wp-json\/wp\/v2\/pages\/311","targetHints":{"allow":["GET"]}}],"collection":[{"href":"https:\/\/www.onecca.cm\/index.php\/wp-json\/wp\/v2\/pages"}],"about":[{"href":"https:\/\/www.onecca.cm\/index.php\/wp-json\/wp\/v2\/types\/page"}],"author":[{"embeddable":true,"href":"https:\/\/www.onecca.cm\/index.php\/wp-json\/wp\/v2\/users\/1"}],"replies":[{"embeddable":true,"href":"https:\/\/www.onecca.cm\/index.php\/wp-json\/wp\/v2\/comments?post=311"}],"version-history":[{"count":3,"href":"https:\/\/www.onecca.cm\/index.php\/wp-json\/wp\/v2\/pages\/311\/revisions"}],"predecessor-version":[{"id":417,"href":"https:\/\/www.onecca.cm\/index.php\/wp-json\/wp\/v2\/pages\/311\/revisions\/417"}],"up":[{"embeddable":true,"href":"https:\/\/www.onecca.cm\/index.php\/wp-json\/wp\/v2\/pages\/37"}],"wp:attachment":[{"href":"https:\/\/www.onecca.cm\/index.php\/wp-json\/wp\/v2\/media?parent=311"}],"curies":[{"name":"wp","href":"https:\/\/api.w.org\/{rel}","templated":true}]}}