{"id":33,"date":"2025-07-07T09:05:02","date_gmt":"2025-07-07T09:05:02","guid":{"rendered":"https:\/\/www.onecca.cm\/?page_id=33"},"modified":"2025-08-27T10:02:50","modified_gmt":"2025-08-27T10:02:50","slug":"contacts","status":"publish","type":"page","link":"https:\/\/www.onecca.cm\/index.php\/lonecca\/contacts\/","title":{"rendered":"CONTACTS"},"content":{"rendered":"<div class=\"fusion-fullwidth fullwidth-box fusion-builder-row-1 fusion-flex-container has-pattern-background has-mask-background nonhundred-percent-fullwidth non-hundred-percent-height-scrolling\" style=\"--awb-border-radius-top-left:0px;--awb-border-radius-top-right:0px;--awb-border-radius-bottom-right:0px;--awb-border-radius-bottom-left:0px;--awb-flex-wrap:wrap;\" ><div class=\"fusion-builder-row fusion-row fusion-flex-align-items-flex-start fusion-flex-content-wrap\" style=\"max-width:1300px;margin-left: calc(-4% \/ 2 );margin-right: calc(-4% \/ 2 );\"><div class=\"fusion-layout-column fusion_builder_column fusion-builder-column-0 fusion_builder_column_1_1 1_1 fusion-flex-column\" style=\"--awb-bg-size:cover;--awb-width-large:100%;--awb-margin-top-large:0px;--awb-spacing-right-large:1.92%;--awb-margin-bottom-large:20px;--awb-spacing-left-large:1.92%;--awb-width-medium:100%;--awb-order-medium:0;--awb-spacing-right-medium:1.92%;--awb-spacing-left-medium:1.92%;--awb-width-small:100%;--awb-order-small:0;--awb-spacing-right-small:1.92%;--awb-spacing-left-small:1.92%;\"><div class=\"fusion-column-wrapper fusion-column-has-shadow fusion-flex-justify-content-flex-start fusion-content-layout-column\"><div class=\"fusion-text fusion-text-1\"><p><span style=\"font-size: 24px; color: var(--awb-color5);\" data-fusion-font=\"true\"><b style=\"font-size: 25px;\" data-fusion-font=\"true\"><span dir=\"auto\" style=\"vertical-align: inherit;\"><span dir=\"auto\" style=\"vertical-align: inherit;\">&nbsp;Informations de Contact et Localisation<\/span><\/span><\/b><\/span><\/p>\n<p style=\"color: rgba(0, 0, 0, 0.89);\"><span dir=\"auto\" style=\"vertical-align: inherit;\"><span dir=\"auto\" style=\"vertical-align: inherit;\">L&rsquo;Ordre National des Experts-Comptables du Cameroun (ONECCA) est situ\u00e9 \u00e0 Yaound\u00e9, capitale du Cameroun. Les bureaux sont ouverts au public pour toute demande d&rsquo;information, inscription ou suivi de dossier. Les coordonn\u00e9es compl\u00e8tes, y compris le num\u00e9ro de t\u00e9l\u00e9phone, l&rsquo;adresse email et l&rsquo;adresse physique, sont disponibles sur le site officiel de l&rsquo;ONECCA. Une carte de localisation interactive est \u00e9galement fournie en ligne pour aider les visiteurs \u00e0 se rendre plus facilement au si\u00e8ge de l&rsquo;Ordre.<\/span><\/span><\/p>\n<p style=\"color: var(--awb-color5);\"><b style=\"font-size: 25px;\" data-fusion-font=\"true\"><span dir=\"auto\" style=\"vertical-align: inherit;\"><span dir=\"auto\" style=\"vertical-align: inherit;\">&nbsp;\u00c9crire \u00e0 l&rsquo;ONECCA<\/span><\/span><\/b><\/p>\n<p style=\"color: var(--awb-color5);\"><b style=\"font-size: 18px; color: rgba(0, 0, 0, 0.89);\" data-fusion-font=\"true\"><span dir=\"auto\" style=\"vertical-align: inherit;\"><span dir=\"auto\" style=\"vertical-align: inherit;\">g\u00e9n\u00e9rale, il est possible d&rsquo;\u00e9crire directement \u00e0 l&rsquo;ONECCA. Des formulaires de contact sont disponibles sur le site web, et les correspondances peuvent \u00e9galement \u00eatre envoy\u00e9es par email ou courrier postal. L&rsquo;Ordre accorde une attention particuli\u00e8re au traitement des correspondances, dans le respect des r\u00e8gles de confidentialit\u00e9 et de transparence administrative.<\/span><\/span><\/b><\/p>\n<p style=\"color: var(--awb-color5);\"><b style=\"font-size: 18px; color: rgba(0, 0, 0, 0.89);\" data-fusion-font=\"true\"><span style=\"font-size: 25px; color: var(--awb-color5);\" data-fusion-font=\"true\"><span dir=\"auto\" style=\"vertical-align: inherit;\"><span dir=\"auto\" style=\"vertical-align: inherit;\">&nbsp;R\u00e9seaux Sociaux (Facebook, Twitter, LinkedIn)<\/span><\/span><\/span><\/b><\/p>\n<p style=\"color: var(--awb-color8);\"><span dir=\"auto\" style=\"vertical-align: inherit;\"><span dir=\"auto\" style=\"vertical-align: inherit;\">L&rsquo;ONECCA est pr\u00e9sente sur les principaux r\u00e9seaux sociaux afin de renforcer sa communication institutionnelle et de partager des informations utiles avec le public. Sur Facebook, Twitter et LinkedIn, l&rsquo;Ordre publie r\u00e9guli\u00e8rement des contenus relatifs aux \u00e9v\u00e9nements, publications officielles, appels \u00e0 candidatures et nouvelles r\u00e9glementations. Ces plateformes permettent \u00e9galement une interaction directe avec les membres et les partenaires. Les privil\u00e8ges d&rsquo;acc\u00e8s sont disponibles sur le site internet de l&rsquo;Ordre.<\/span><\/span><\/p>\n<\/div><\/div><\/div><\/div><\/div>\n","protected":false},"excerpt":{"rendered":"","protected":false},"author":1,"featured_media":0,"parent":8,"menu_order":0,"comment_status":"closed","ping_status":"closed","template":"100-width.php","meta":{"footnotes":""},"class_list":["post-33","page","type-page","status-publish","hentry"],"acf":[],"_links":{"self":[{"href":"https:\/\/www.onecca.cm\/index.php\/wp-json\/wp\/v2\/pages\/33","targetHints":{"allow":["GET"]}}],"collection":[{"href":"https:\/\/www.onecca.cm\/index.php\/wp-json\/wp\/v2\/pages"}],"about":[{"href":"https:\/\/www.onecca.cm\/index.php\/wp-json\/wp\/v2\/types\/page"}],"author":[{"embeddable":true,"href":"https:\/\/www.onecca.cm\/index.php\/wp-json\/wp\/v2\/users\/1"}],"replies":[{"embeddable":true,"href":"https:\/\/www.onecca.cm\/index.php\/wp-json\/wp\/v2\/comments?post=33"}],"version-history":[{"count":3,"href":"https:\/\/www.onecca.cm\/index.php\/wp-json\/wp\/v2\/pages\/33\/revisions"}],"predecessor-version":[{"id":437,"href":"https:\/\/www.onecca.cm\/index.php\/wp-json\/wp\/v2\/pages\/33\/revisions\/437"}],"up":[{"embeddable":true,"href":"https:\/\/www.onecca.cm\/index.php\/wp-json\/wp\/v2\/pages\/8"}],"wp:attachment":[{"href":"https:\/\/www.onecca.cm\/index.php\/wp-json\/wp\/v2\/media?parent=33"}],"curies":[{"name":"wp","href":"https:\/\/api.w.org\/{rel}","templated":true}]}}