{"id":39,"date":"2025-07-07T09:06:21","date_gmt":"2025-07-07T09:06:21","guid":{"rendered":"https:\/\/www.onecca.cm\/?page_id=39"},"modified":"2025-08-25T14:25:49","modified_gmt":"2025-08-25T14:25:49","slug":"membres-de-lordre","status":"publish","type":"page","link":"https:\/\/www.onecca.cm\/index.php\/la-profession\/membres-de-lordre\/","title":{"rendered":"MEMBRES DE L&rsquo;ORDRE"},"content":{"rendered":"<div class=\"fusion-fullwidth fullwidth-box fusion-builder-row-1 fusion-flex-container nonhundred-percent-fullwidth non-hundred-percent-height-scrolling\" style=\"--awb-border-radius-top-left:0px;--awb-border-radius-top-right:0px;--awb-border-radius-bottom-right:0px;--awb-border-radius-bottom-left:0px;--awb-flex-wrap:wrap;\" ><div class=\"fusion-builder-row fusion-row fusion-flex-align-items-flex-start fusion-flex-content-wrap\" style=\"max-width:1300px;margin-left: calc(-4% \/ 2 );margin-right: calc(-4% \/ 2 );\"><div class=\"fusion-layout-column fusion_builder_column fusion-builder-column-0 fusion_builder_column_1_1 1_1 fusion-flex-column\" style=\"--awb-bg-size:cover;--awb-width-large:100%;--awb-margin-top-large:0px;--awb-spacing-right-large:1.92%;--awb-margin-bottom-large:0px;--awb-spacing-left-large:1.92%;--awb-width-medium:100%;--awb-spacing-right-medium:1.92%;--awb-spacing-left-medium:1.92%;--awb-width-small:100%;--awb-spacing-right-small:1.92%;--awb-spacing-left-small:1.92%;\"><div class=\"fusion-column-wrapper fusion-flex-justify-content-flex-start fusion-content-layout-column\"><div class=\"fusion-text fusion-text-1\"><h2>Annuaire des membres<\/h2>\n<p>L\u2019annuaire des membres de l\u2019Ordre National des Experts-Comptables du Cameroun (ONECCA) constitue un registre officiel r\u00e9pertoriant l\u2019ensemble des professionnels agr\u00e9\u00e9s et habilit\u00e9s \u00e0 exercer la profession comptable au Cameroun.<\/p>\n<p>Cet annuaire est structur\u00e9 autour de plusieurs cat\u00e9gories sp\u00e9cifiques, permettant une classification claire et pr\u00e9cise :<\/p>\n<ul>\n<li>Les <strong>soci\u00e9t\u00e9s d\u2019expertise comptable<\/strong>, qui sont des entit\u00e9s juridiques regroupant un ou plusieurs associ\u00e9s experts-comptables professionnels, exer\u00e7ant sous forme de cabinet structur\u00e9.<\/li>\n<li>Les <strong>experts-comptables professionnels<\/strong> : personnes physiques inscrites au tableau de l\u2019Ordre, qualifi\u00e9es et exer\u00e7ant \u00e0 titre ind\u00e9pendant, en cabinet ou en tant que salari\u00e9s.<\/li>\n<li>Les <strong>experts-comptables non professionnels<\/strong> : titulaires du dipl\u00f4me requis, mais n\u2019exer\u00e7ant pas \u00e0 titre principal, souvent engag\u00e9s dans l\u2019enseignement, l\u2019administration ou le secteur priv\u00e9.<\/li>\n<li>Les <strong>experts-comptables stagiaires<\/strong> : en cours de formation pratique, sous la supervision de l\u2019Ordre et d\u2019un ma\u00eetre de stage agr\u00e9\u00e9.<\/li>\n<\/ul>\n<p>Chaque fiche de l\u2019annuaire fournit des informations d\u00e9taill\u00e9es : nom, pr\u00e9nom, matricule, adresse du cabinet ou de l\u2019entreprise, r\u00e9gion d\u2019exercice, contact et statut du membre.<\/p>\n<p>Ce r\u00e9pertoire est consultable en ligne ou aupr\u00e8s du si\u00e8ge de l\u2019ONECCA. Il constitue un outil essentiel pour v\u00e9rifier l\u2019authenticit\u00e9 des professionnels et faciliter la mise en relation avec les entreprises, institutions et particuliers.<\/p>\n<p>Sa mise \u00e0 jour r\u00e9guli\u00e8re garantit la fiabilit\u00e9 des informations, tout en renfor\u00e7ant la transparence, la r\u00e9gulation et la cr\u00e9dibilit\u00e9 de la profession comptable au Cameroun.<\/p>\n<\/div><div style=\"text-align:right;\"><a class=\"fusion-button button-flat button-xlarge button-custom fusion-button-default button-1 fusion-button-default-span fusion-button-default-type\" style=\"--button_accent_color:var(--awb-color1);--button_accent_hover_color:var(--awb-color1);--button_border_hover_color:var(--awb-color1);--button_gradient_top_color:var(--awb-color5);--button_gradient_bottom_color:var(--awb-color5);--button_gradient_top_color_hover:hsla(var(--awb-color5-h),calc(var(--awb-color5-s) - 5%),calc(var(--awb-color5-l) - 10%),var(--awb-color5-a));--button_gradient_bottom_color_hover:hsla(var(--awb-color5-h),calc(var(--awb-color5-s) - 5%),calc(var(--awb-color5-l) - 10%),var(--awb-color5-a));--button_text_transform:uppercase;\" target=\"_blank\" rel=\"noopener noreferrer\" role=\"button\" href=\"https:\/\/www.onecca.cm\/index.php\/lonecca\/a-propos-de-lordre\/organisation\/\"><span class=\"fusion-button-text awb-button__text awb-button__text--default\">Consultez le tableau de l&rsquo;ordre<\/span><\/a><\/div><\/div><\/div><\/div><\/div>\n","protected":false},"excerpt":{"rendered":"","protected":false},"author":1,"featured_media":0,"parent":37,"menu_order":0,"comment_status":"closed","ping_status":"closed","template":"100-width.php","meta":{"footnotes":""},"class_list":["post-39","page","type-page","status-publish","hentry"],"acf":[],"_links":{"self":[{"href":"https:\/\/www.onecca.cm\/index.php\/wp-json\/wp\/v2\/pages\/39","targetHints":{"allow":["GET"]}}],"collection":[{"href":"https:\/\/www.onecca.cm\/index.php\/wp-json\/wp\/v2\/pages"}],"about":[{"href":"https:\/\/www.onecca.cm\/index.php\/wp-json\/wp\/v2\/types\/page"}],"author":[{"embeddable":true,"href":"https:\/\/www.onecca.cm\/index.php\/wp-json\/wp\/v2\/users\/1"}],"replies":[{"embeddable":true,"href":"https:\/\/www.onecca.cm\/index.php\/wp-json\/wp\/v2\/comments?post=39"}],"version-history":[{"count":6,"href":"https:\/\/www.onecca.cm\/index.php\/wp-json\/wp\/v2\/pages\/39\/revisions"}],"predecessor-version":[{"id":410,"href":"https:\/\/www.onecca.cm\/index.php\/wp-json\/wp\/v2\/pages\/39\/revisions\/410"}],"up":[{"embeddable":true,"href":"https:\/\/www.onecca.cm\/index.php\/wp-json\/wp\/v2\/pages\/37"}],"wp:attachment":[{"href":"https:\/\/www.onecca.cm\/index.php\/wp-json\/wp\/v2\/media?parent=39"}],"curies":[{"name":"wp","href":"https:\/\/api.w.org\/{rel}","templated":true}]}}