{"id":60,"date":"2025-07-07T09:13:15","date_gmt":"2025-07-07T09:13:15","guid":{"rendered":"https:\/\/www.onecca.cm\/?page_id=60"},"modified":"2025-08-26T09:00:13","modified_gmt":"2025-08-26T09:00:13","slug":"actualites","status":"publish","type":"page","link":"https:\/\/www.onecca.cm\/index.php\/actualites-medias\/actualites\/","title":{"rendered":"ACTUALIT\u00c9S"},"content":{"rendered":"<div class=\"fusion-fullwidth fullwidth-box fusion-builder-row-1 fusion-flex-container has-pattern-background has-mask-background nonhundred-percent-fullwidth non-hundred-percent-height-scrolling\" style=\"--awb-border-radius-top-left:0px;--awb-border-radius-top-right:0px;--awb-border-radius-bottom-right:0px;--awb-border-radius-bottom-left:0px;--awb-flex-wrap:wrap;\" ><div class=\"fusion-builder-row fusion-row fusion-flex-align-items-flex-start fusion-flex-content-wrap\" style=\"max-width:1300px;margin-left: calc(-4% \/ 2 );margin-right: calc(-4% \/ 2 );\"><div class=\"fusion-layout-column fusion_builder_column fusion-builder-column-0 fusion_builder_column_1_1 1_1 fusion-flex-column\" style=\"--awb-bg-size:cover;--awb-width-large:100%;--awb-margin-top-large:0px;--awb-spacing-right-large:1.92%;--awb-margin-bottom-large:20px;--awb-spacing-left-large:1.92%;--awb-width-medium:100%;--awb-order-medium:0;--awb-spacing-right-medium:1.92%;--awb-spacing-left-medium:1.92%;--awb-width-small:100%;--awb-order-small:0;--awb-spacing-right-small:1.92%;--awb-spacing-left-small:1.92%;\"><div class=\"fusion-column-wrapper fusion-column-has-shadow fusion-flex-justify-content-flex-start fusion-content-layout-column\"><div class=\"fusion-text fusion-text-1\"><h3 style=\"font-size: 25px; color: var(--awb-color5);\"><b>Nouvelles de l&rsquo;ONECCA<\/b><\/h3>\n<p><span style=\"color: rgba(0, 0, 0, 0.89);\">Les nouvelles de l\u2019ONECCA regroupent l\u2019ensemble des informations r\u00e9centes et importantes concernant l\u2019Ordre National des Expert-Comptable du Cameroun. Elles comprennent des annonces institutionnelles, des innovations r\u00e9glementaires, des activit\u00e9s majeures men\u00e9es par l\u2019Ordre, ainsi que les initiatives prises pour le d\u00e9veloppement de la profession comptable au Cameroun.<\/span><b><\/b><\/p>\n<h2 style=\"font-size: 24px; color: rgb(2, 30, 121);\"><span style=\"font-weight: normal;\">ONECCA dans la presse<\/span><\/h2>\n<p><span style=\"color: rgba(0, 0, 0, 0.89);\">La rubrique \u00ab ONECCA dans la presse \u00bb compile les articles, interviews, reportages et autres mentions m\u00e9diatiques concernant l\u2019Ordre. Elle met en lumi\u00e8re la visibilit\u00e9 et la reconnaissance de l\u2019ONECCA dans les m\u00e9dias nationaux et internationaux. Cette pr\u00e9sence dans la presse participe \u00e0 la valorisation de la profession d\u2019expert-comptable et \u00e0 la promotion des activit\u00e9s et engagements de l\u2019Ordre.<\/span><span style=\"font-weight: normal;\"><\/span><\/p>\n<h6><span data-fusion-font=\"true\" style=\"font-size: 24px; color: var(--awb-color5);\"><b>Actualit\u00e9 des partenaires<\/b><\/span><\/h6>\n<p><span data-fusion-font=\"true\" style=\"font-size: 24px; color: var(--awb-color5);\"><span style=\"color: rgba(0, 0, 0, 0.89); font-size: 18px;\" data-fusion-font=\"true\">L\u2019ONECCA entretient des relations \u00e9troites avec divers partenaires institutionnels, acad\u00e9miques et professionnels. La rubrique d\u00e9di\u00e9e \u00e0 l\u2019actualit\u00e9 des partenaires pr\u00e9sente les collaborations, \u00e9v\u00e9nements conjoints, projets communs, ainsi que les initiatives initi\u00e9es en partenariat. Cela renforce la coop\u00e9ration et l\u2019\u00e9change d\u2019expertises au b\u00e9n\u00e9fice de la profession comptable.<\/span><b><\/b><\/span><\/p>\n<h6><span data-fusion-font=\"true\" style=\"font-size: 24px; color: var(--awb-color5);\"><span style=\"color: var(--awb-color5); font-size: 25px;\" data-fusion-font=\"true\">Archives<\/span><\/span><\/h6>\n<p><span data-fusion-font=\"true\" style=\"font-size: 24px; color: var(--awb-color5);\"><span style=\"color: rgba(0, 0, 0, 0.89); font-size: 18px;\" data-fusion-font=\"true\">Les archives regroupent l\u2019ensemble des anciennes publications, communiqu\u00e9s, dossiers, articles et autres documents diffus\u00e9s par l\u2019ONECCA au fil des ann\u00e9es. Cette base documentaire permet de conserver la m\u00e9moire institutionnelle et de faciliter la recherche d\u2019informations historiques sur l\u2019\u00e9volution de l\u2019Ordre et de la profession.<\/span><\/span><\/p>\n<h6><span data-fusion-font=\"true\" style=\"font-size: 24px; color: var(--awb-color5);\"><span style=\"color: var(--awb-color5); font-size: 25px;\" data-fusion-font=\"true\">Avis et communiqu\u00e9s<\/span><\/span><\/h6>\n<p><span data-fusion-font=\"true\" style=\"font-size: 24px; color: var(--awb-color5);\"><span style=\"color: rgba(0, 0, 0, 0.89); font-size: 18px;\" data-fusion-font=\"true\">L\u2019ONECCA diffuse r\u00e9guli\u00e8rement des avis officiels et des communiqu\u00e9s destin\u00e9s \u00e0 ses membres et au grand public. Ces documents portent sur des sujets vari\u00e9s comme les modifications des r\u00e8glements, les convocations aux assembl\u00e9es, les appels \u00e0 candidature, ou encore des alertes importantes li\u00e9es \u00e0 la profession. Ils ont pour but d\u2019assurer une communication claire et transparente entre l\u2019Ordre et ses diff\u00e9rentes parties prenantes.<\/span><\/span><\/p>\n<\/p>\n<p><span data-fusion-font=\"true\" style=\"font-size: 24px; color: var(--awb-color5);\"><b><br \/><\/b><\/span><\/p>\n<\/div><\/div><\/div><\/div><\/div>\n","protected":false},"excerpt":{"rendered":"","protected":false},"author":1,"featured_media":0,"parent":58,"menu_order":0,"comment_status":"closed","ping_status":"closed","template":"100-width.php","meta":{"footnotes":""},"class_list":["post-60","page","type-page","status-publish","hentry"],"acf":[],"_links":{"self":[{"href":"https:\/\/www.onecca.cm\/index.php\/wp-json\/wp\/v2\/pages\/60","targetHints":{"allow":["GET"]}}],"collection":[{"href":"https:\/\/www.onecca.cm\/index.php\/wp-json\/wp\/v2\/pages"}],"about":[{"href":"https:\/\/www.onecca.cm\/index.php\/wp-json\/wp\/v2\/types\/page"}],"author":[{"embeddable":true,"href":"https:\/\/www.onecca.cm\/index.php\/wp-json\/wp\/v2\/users\/1"}],"replies":[{"embeddable":true,"href":"https:\/\/www.onecca.cm\/index.php\/wp-json\/wp\/v2\/comments?post=60"}],"version-history":[{"count":3,"href":"https:\/\/www.onecca.cm\/index.php\/wp-json\/wp\/v2\/pages\/60\/revisions"}],"predecessor-version":[{"id":416,"href":"https:\/\/www.onecca.cm\/index.php\/wp-json\/wp\/v2\/pages\/60\/revisions\/416"}],"up":[{"embeddable":true,"href":"https:\/\/www.onecca.cm\/index.php\/wp-json\/wp\/v2\/pages\/58"}],"wp:attachment":[{"href":"https:\/\/www.onecca.cm\/index.php\/wp-json\/wp\/v2\/media?parent=60"}],"curies":[{"name":"wp","href":"https:\/\/api.w.org\/{rel}","templated":true}]}}