{"id":62,"date":"2025-07-07T09:13:34","date_gmt":"2025-07-07T09:13:34","guid":{"rendered":"https:\/\/www.onecca.cm\/?page_id=62"},"modified":"2025-08-26T13:46:43","modified_gmt":"2025-08-26T13:46:43","slug":"agenda","status":"publish","type":"page","link":"https:\/\/www.onecca.cm\/index.php\/actualites-medias\/agenda\/","title":{"rendered":"AGENDA"},"content":{"rendered":"<div class=\"fusion-fullwidth fullwidth-box fusion-builder-row-1 fusion-flex-container has-pattern-background has-mask-background nonhundred-percent-fullwidth non-hundred-percent-height-scrolling\" style=\"--awb-border-radius-top-left:0px;--awb-border-radius-top-right:0px;--awb-border-radius-bottom-right:0px;--awb-border-radius-bottom-left:0px;--awb-flex-wrap:wrap;\" ><div class=\"fusion-builder-row fusion-row fusion-flex-align-items-flex-start fusion-flex-content-wrap\" style=\"max-width:1300px;margin-left: calc(-4% \/ 2 );margin-right: calc(-4% \/ 2 );\"><div class=\"fusion-layout-column fusion_builder_column fusion-builder-column-0 fusion_builder_column_1_1 1_1 fusion-flex-column\" style=\"--awb-bg-size:cover;--awb-width-large:100%;--awb-margin-top-large:0px;--awb-spacing-right-large:1.92%;--awb-margin-bottom-large:20px;--awb-spacing-left-large:1.92%;--awb-width-medium:100%;--awb-order-medium:0;--awb-spacing-right-medium:1.92%;--awb-spacing-left-medium:1.92%;--awb-width-small:100%;--awb-order-small:0;--awb-spacing-right-small:1.92%;--awb-spacing-left-small:1.92%;\"><div class=\"fusion-column-wrapper fusion-column-has-shadow fusion-flex-justify-content-flex-start fusion-content-layout-column\"><div class=\"fusion-text fusion-text-1\"><p data-fusion-font=\"true\" style=\"font-size: 30px; color: var(--awb-color5);\"><b>Ev\u00e8nements ONECCA<\/b><\/p>\n<p style=\"text-align: left; font-size: 30px; color: var(--awb-color5);\"><span data-fusion-font=\"true\" style=\"font-size: 18px; line-height: 30.6px; color: var(--awb-color8);\"><span data-fusion-font=\"true\" style=\"line-height: 22.5px;\">L<span data-fusion-font=\"true\" style=\"line-height: 12.5px; letter-spacing: 0.15px;\">e calendrier des \u00e9v\u00e9nements ONECCA recense toutes les manifestations organis\u00e9es par l\u2019Ordre, telles que les assembl\u00e9es g\u00e9n\u00e9rales, les congr\u00e8s, les journ\u00e9es d\u2019\u00e9tude, les formations et autres<\/span><\/span><span data-fusion-font=\"true\" style=\"line-height: 12.5px; letter-spacing: 0.15px;\"> rencontres professionnelles. Ce programme permet aux membres et au public de s\u2019informer sur les dates, lieux et modalit\u00e9s de participation \u00e0 ces \u00e9v\u00e9nements, afin de favoriser leur implication et leur r\u00e9seau.<\/span><\/span><\/p>\n<p style=\"text-align: left; font-size: 30px; color: var(--awb-color5);\"><span data-fusion-font=\"true\" style=\"font-size: 18px; line-height: 30.6px; color: var(--awb-color8);\"><span data-fusion-font=\"true\" style=\"line-height: 12.5px; letter-spacing: 0.15px; font-size: 28px; color: var(--awb-color5);\"><b>Agenda g\u00e9n\u00e9ral (S\u00e9minaires, Conf\u00e9rences, Ev\u00e8nements sp\u00e9ciaux)<\/b><\/span><\/span><\/p>\n<p style=\"text-align: left; font-size: 30px; color: var(--awb-color5);\"><span data-fusion-font=\"true\" style=\"font-size: 18px; line-height: 30.6px; color: var(--awb-color8);\"><span data-fusion-font=\"true\" style=\"line-height: 12.5px; letter-spacing: 0.15px; font-size: 28px; color: var(--awb-color5);\"><span data-fusion-font=\"true\" style=\"font-size: 18px; color: var(--awb-color8);\">L\u2019agenda g\u00e9n\u00e9ral comprend un large \u00e9ventail de manifestations li\u00e9es \u00e0 la profession comptable, allant des s\u00e9minaires techniques aux conf\u00e9rences th\u00e9matiques, en passant par les \u00e9v\u00e9nements sp\u00e9ciaux comme les c\u00e9r\u00e9monies de remise de dipl\u00f4mes ou les lancements de projets. Cet agenda est mis \u00e0 jour r\u00e9guli\u00e8rement pour offrir une vision claire et exhaustive de la vie professionnelle au sein de l\u2019ONECCA.<\/span><b><\/b><\/span><\/span><\/p>\n<\/div><\/div><\/div><\/div><\/div>\n","protected":false},"excerpt":{"rendered":"","protected":false},"author":1,"featured_media":0,"parent":58,"menu_order":0,"comment_status":"closed","ping_status":"closed","template":"100-width.php","meta":{"footnotes":""},"class_list":["post-62","page","type-page","status-publish","hentry"],"acf":[],"_links":{"self":[{"href":"https:\/\/www.onecca.cm\/index.php\/wp-json\/wp\/v2\/pages\/62","targetHints":{"allow":["GET"]}}],"collection":[{"href":"https:\/\/www.onecca.cm\/index.php\/wp-json\/wp\/v2\/pages"}],"about":[{"href":"https:\/\/www.onecca.cm\/index.php\/wp-json\/wp\/v2\/types\/page"}],"author":[{"embeddable":true,"href":"https:\/\/www.onecca.cm\/index.php\/wp-json\/wp\/v2\/users\/1"}],"replies":[{"embeddable":true,"href":"https:\/\/www.onecca.cm\/index.php\/wp-json\/wp\/v2\/comments?post=62"}],"version-history":[{"count":3,"href":"https:\/\/www.onecca.cm\/index.php\/wp-json\/wp\/v2\/pages\/62\/revisions"}],"predecessor-version":[{"id":415,"href":"https:\/\/www.onecca.cm\/index.php\/wp-json\/wp\/v2\/pages\/62\/revisions\/415"}],"up":[{"embeddable":true,"href":"https:\/\/www.onecca.cm\/index.php\/wp-json\/wp\/v2\/pages\/58"}],"wp:attachment":[{"href":"https:\/\/www.onecca.cm\/index.php\/wp-json\/wp\/v2\/media?parent=62"}],"curies":[{"name":"wp","href":"https:\/\/api.w.org\/{rel}","templated":true}]}}