{"id":8,"date":"2025-07-07T08:59:22","date_gmt":"2025-07-07T08:59:22","guid":{"rendered":"https:\/\/www.onecca.cm\/?page_id=8"},"modified":"2025-08-25T14:59:19","modified_gmt":"2025-08-25T14:59:19","slug":"lonecca","status":"publish","type":"page","link":"https:\/\/www.onecca.cm\/index.php\/lonecca\/","title":{"rendered":"L&rsquo;ONECCA"},"content":{"rendered":"<div class=\"fusion-fullwidth fullwidth-box fusion-builder-row-1 fusion-flex-container has-pattern-background has-mask-background nonhundred-percent-fullwidth non-hundred-percent-height-scrolling\" style=\"--awb-border-radius-top-left:0px;--awb-border-radius-top-right:0px;--awb-border-radius-bottom-right:0px;--awb-border-radius-bottom-left:0px;--awb-flex-wrap:wrap;\" ><div class=\"fusion-builder-row fusion-row fusion-flex-align-items-flex-start fusion-flex-content-wrap\" style=\"max-width:1300px;margin-left: calc(-4% \/ 2 );margin-right: calc(-4% \/ 2 );\"><div class=\"fusion-layout-column fusion_builder_column fusion-builder-column-0 fusion_builder_column_1_1 1_1 fusion-flex-column\" style=\"--awb-bg-size:cover;--awb-width-large:100%;--awb-margin-top-large:0px;--awb-spacing-right-large:1.92%;--awb-margin-bottom-large:20px;--awb-spacing-left-large:1.92%;--awb-width-medium:100%;--awb-order-medium:0;--awb-spacing-right-medium:1.92%;--awb-spacing-left-medium:1.92%;--awb-width-small:100%;--awb-order-small:0;--awb-spacing-right-small:1.92%;--awb-spacing-left-small:1.92%;\"><div class=\"fusion-column-wrapper fusion-column-has-shadow fusion-flex-justify-content-flex-start fusion-content-layout-column\"><div class=\"fusion-text fusion-text-1\"><div>L\u2019Ordre National des Experts-Comptables et Comptables Agr\u00e9\u00e9s (ONECCA) est l\u2019organisme officiel charg\u00e9 de la r\u00e9gulation de la profession comptable. Cr\u00e9\u00e9 par la loi, il veille au respect des normes internationales, \u00e0 l\u2019\u00e9thique professionnelle et \u00e0 la qualit\u00e9 des services rendus par ses membres.<\/div>\n<div>&nbsp;<\/div>\n<div>Ses missions principales sont :<\/div>\n<div>\u2022Encadrer et r\u00e9glementer la profession comptable.<\/div>\n<div>\u2022Former et certifier les futurs experts-comptables.<\/div>\n<div>\u2022Garantir transparence et fiabilit\u00e9 des informations financi\u00e8res.<\/div>\n<div>\u2022Prot\u00e9ger l\u2019int\u00e9r\u00eat public en luttant contre la fraude et les pratiques irr\u00e9guli\u00e8res.<\/div>\n<div>\u2022Repr\u00e9senter la profession aupr\u00e8s des institutions nationales et internationales.<\/div>\n<div>&nbsp;<\/div>\n<div>L\u2019ONECCA est \u00e9galement membre de grandes organisations professionnelles mondiales comme l\u2019IFAC, la PAFA, la FIDEF et l\u2019ABWA, ce qui renforce son r\u00f4le sur la sc\u00e8ne internationale.<\/div>\n<\/div><\/div><\/div><\/div><\/div>\n","protected":false},"excerpt":{"rendered":"","protected":false},"author":1,"featured_media":0,"parent":0,"menu_order":0,"comment_status":"closed","ping_status":"closed","template":"100-width.php","meta":{"footnotes":""},"class_list":["post-8","page","type-page","status-publish","hentry"],"acf":[],"_links":{"self":[{"href":"https:\/\/www.onecca.cm\/index.php\/wp-json\/wp\/v2\/pages\/8","targetHints":{"allow":["GET"]}}],"collection":[{"href":"https:\/\/www.onecca.cm\/index.php\/wp-json\/wp\/v2\/pages"}],"about":[{"href":"https:\/\/www.onecca.cm\/index.php\/wp-json\/wp\/v2\/types\/page"}],"author":[{"embeddable":true,"href":"https:\/\/www.onecca.cm\/index.php\/wp-json\/wp\/v2\/users\/1"}],"replies":[{"embeddable":true,"href":"https:\/\/www.onecca.cm\/index.php\/wp-json\/wp\/v2\/comments?post=8"}],"version-history":[{"count":2,"href":"https:\/\/www.onecca.cm\/index.php\/wp-json\/wp\/v2\/pages\/8\/revisions"}],"predecessor-version":[{"id":411,"href":"https:\/\/www.onecca.cm\/index.php\/wp-json\/wp\/v2\/pages\/8\/revisions\/411"}],"wp:attachment":[{"href":"https:\/\/www.onecca.cm\/index.php\/wp-json\/wp\/v2\/media?parent=8"}],"curies":[{"name":"wp","href":"https:\/\/api.w.org\/{rel}","templated":true}]}}