{"id":81,"date":"2025-07-07T09:17:48","date_gmt":"2025-07-07T09:17:48","guid":{"rendered":"https:\/\/www.onecca.cm\/?page_id=81"},"modified":"2025-08-26T09:32:53","modified_gmt":"2025-08-26T09:32:53","slug":"bon-a-savoir","status":"publish","type":"page","link":"https:\/\/www.onecca.cm\/index.php\/espace-pratique\/bon-a-savoir\/","title":{"rendered":"BON A SAVOIR"},"content":{"rendered":"<div class=\"fusion-fullwidth fullwidth-box fusion-builder-row-1 fusion-flex-container has-pattern-background has-mask-background nonhundred-percent-fullwidth non-hundred-percent-height-scrolling\" style=\"--awb-border-radius-top-left:0px;--awb-border-radius-top-right:0px;--awb-border-radius-bottom-right:0px;--awb-border-radius-bottom-left:0px;--awb-flex-wrap:wrap;\" ><div class=\"fusion-builder-row fusion-row fusion-flex-align-items-flex-start fusion-flex-content-wrap\" style=\"max-width:1300px;margin-left: calc(-4% \/ 2 );margin-right: calc(-4% \/ 2 );\"><div class=\"fusion-layout-column fusion_builder_column fusion-builder-column-0 fusion_builder_column_1_1 1_1 fusion-flex-column\" style=\"--awb-bg-size:cover;--awb-width-large:100%;--awb-margin-top-large:0px;--awb-spacing-right-large:1.92%;--awb-margin-bottom-large:20px;--awb-spacing-left-large:1.92%;--awb-width-medium:100%;--awb-order-medium:0;--awb-spacing-right-medium:1.92%;--awb-spacing-left-medium:1.92%;--awb-width-small:100%;--awb-order-small:0;--awb-spacing-right-small:1.92%;--awb-spacing-left-small:1.92%;\"><div class=\"fusion-column-wrapper fusion-column-has-shadow fusion-flex-justify-content-flex-start fusion-content-layout-column\"><div class=\"fusion-text fusion-text-1\"><p><strong data-fusion-font=\"true\" style=\"font-size: 24px; color: var(--awb-color5);\">Glossaire des termes usuels<\/strong><\/p>\n<ul>\n<li><span style=\"color: var(--awb-color7);\"> Expert-comptable : Professionnel agr\u00e9\u00e9 pour tenir, certifier et analyser les comptes d\u2019une organisation selon les normes en vigueur.<\/span><\/li>\n<li><span style=\"color: var(--awb-color7);\"> Visa : Apposition de la signature de l\u2019expert-comptable sur des \u00e9tats financiers apr\u00e8s v\u00e9rification formelle de leur conformit\u00e9.<\/span><\/li>\n<li><span style=\"color: var(--awb-color7);\"> Audit : Examen m\u00e9thodique des comptes et du fonctionnement d\u2019une organisation pour en \u00e9valuer la r\u00e9gularit\u00e9 et la fiabilit\u00e9.<\/span><\/li>\n<li><span style=\"color: var(--awb-color7);\"> Tableau de l\u2019Ordre : Liste officielle des experts-comptables inscrits et autoris\u00e9s \u00e0 exercer l\u00e9galement sous la tutelle de l\u2019ONECCA.<\/span><\/li>\n<li><span style=\"color: var(--awb-color7);\"> Cabinet d\u2019expertise comptable : Structure agr\u00e9\u00e9e regroupant des experts-comptables offrant des services professionnels r\u00e9glement\u00e9s.<\/span><\/li>\n<li><span style=\"color: var(--awb-color7);\"> Espace membre : Interface en ligne d\u00e9di\u00e9e aux experts inscrits, pour les services administratifs, le paiement des cotisations, etc.<\/span><\/li>\n<li><span style=\"color: var(--awb-color7);\"> Normes professionnelles : R\u00e9f\u00e9rentiels d\u00e9finissant les m\u00e9thodes et obligations \u00e0 suivre pour les missions comptables et d\u2019audit.<\/span><\/li>\n<li><span style=\"color: var(--awb-color7);\"> Code d\u2019\u00e9thique : Ensemble de r\u00e8gles d\u00e9ontologiques encadrant la conduite des membres de l\u2019Ordre.<\/span><\/li>\n<li><span style=\"color: var(--awb-color7);\"> Stage d\u2019expertise comptable : P\u00e9riode obligatoire de formation pratique avant l\u2019obtention du dipl\u00f4me et l\u2019inscription au tableau.<\/span><\/li>\n<\/ul>\n<p><strong data-fusion-font=\"true\" style=\"font-size: 24px; color: var(--awb-color7);\"><\/strong><\/p>\n<ul>\n<li><span style=\"color: var(--awb-color7);\"> Exercice ill\u00e9gal : Pratique de la comptabilit\u00e9 ou de l\u2019audit par une personne ou entit\u00e9 non agr\u00e9\u00e9e par l\u2019Ordre.<\/span><\/li>\n<\/ul>\n<p data-fusion-font=\"true\" style=\"font-size: 24px; color: var(--awb-color5);\"><b style=\"color: var(--awb-color7);\"><span style=\"color: var(--awb-color5);\">FAQ(Foire aux Questions) <\/span> <\/b><\/p>\n<p data-fusion-font=\"true\" style=\"font-size: 24px; color: var(--awb-color5);\"><span data-fusion-font=\"true\" style=\"font-size: 18px; color: var(--awb-color7);\">La rubrique FAQ \u2013 Foire Aux Questions du site de l\u2019ONECCA Cameroun est con\u00e7ue pour r\u00e9pondre aux interrogations les plus fr\u00e9quentes des internautes concernant la profession comptable, les services propos\u00e9s par l\u2019Ordre, ainsi que les d\u00e9marches administratives. Elle est organis\u00e9e par th\u00e8me : inscription au tableau, stages professionnels, consultation des membres, e-services, r\u00e9clamations, exercice ill\u00e9gal, visa des \u00e9tats financiers, etc.. Chaque r\u00e9ponse est formul\u00e9e de mani\u00e8re claire, concise et \u00e0 jour, pour permettre aux utilisateurs d\u2019obtenir rapidement une information fiable. Que vous soyez entrepreneur, \u00e9tudiant, membre de l\u2019Ordre ou simple citoyen, la FAQ est un outil d\u2019orientation rapide pour mieux comprendre vos droits, vos obligations et les prestations propos\u00e9es. En cas de besoin sp\u00e9cifique, la rubrique redirige \u00e9galement vers des formulaires ou contacts adapt\u00e9s (hotline, email, espace membre). Elle est mise \u00e0 jour r\u00e9guli\u00e8rement en fonction des \u00e9volutions r\u00e9glementaires ou des pr\u00e9occupations du public.<\/span><b><\/b><\/p>\n<p data-fusion-font=\"true\" style=\"font-size: 24px; color: var(--awb-color5);\">\n<\/div><\/div><\/div><\/div><\/div>\n","protected":false},"excerpt":{"rendered":"","protected":false},"author":1,"featured_media":0,"parent":74,"menu_order":0,"comment_status":"closed","ping_status":"closed","template":"100-width.php","meta":{"footnotes":""},"class_list":["post-81","page","type-page","status-publish","hentry"],"acf":[],"_links":{"self":[{"href":"https:\/\/www.onecca.cm\/index.php\/wp-json\/wp\/v2\/pages\/81","targetHints":{"allow":["GET"]}}],"collection":[{"href":"https:\/\/www.onecca.cm\/index.php\/wp-json\/wp\/v2\/pages"}],"about":[{"href":"https:\/\/www.onecca.cm\/index.php\/wp-json\/wp\/v2\/types\/page"}],"author":[{"embeddable":true,"href":"https:\/\/www.onecca.cm\/index.php\/wp-json\/wp\/v2\/users\/1"}],"replies":[{"embeddable":true,"href":"https:\/\/www.onecca.cm\/index.php\/wp-json\/wp\/v2\/comments?post=81"}],"version-history":[{"count":2,"href":"https:\/\/www.onecca.cm\/index.php\/wp-json\/wp\/v2\/pages\/81\/revisions"}],"predecessor-version":[{"id":420,"href":"https:\/\/www.onecca.cm\/index.php\/wp-json\/wp\/v2\/pages\/81\/revisions\/420"}],"up":[{"embeddable":true,"href":"https:\/\/www.onecca.cm\/index.php\/wp-json\/wp\/v2\/pages\/74"}],"wp:attachment":[{"href":"https:\/\/www.onecca.cm\/index.php\/wp-json\/wp\/v2\/media?parent=81"}],"curies":[{"name":"wp","href":"https:\/\/api.w.org\/{rel}","templated":true}]}}